{"id":7862,"date":"2016-05-11T19:04:11","date_gmt":"2016-05-12T00:04:11","guid":{"rendered":"http:\/\/www.cua.edu.co\/web3\/?page_id=7862"},"modified":"2017-12-19T21:54:13","modified_gmt":"2017-12-20T02:54:13","slug":"bienestar-institucional","status":"publish","type":"page","link":"https:\/\/cua.edu.co\/web3\/bienestar-institucional\/","title":{"rendered":"Bienestar Institucional"},"content":{"rendered":"[vc_row][vc_column][vc_column_text]<span style=\"color: #0a79ba;\">ENFOQUE :<\/span><\/p>\n<p style=\"text-align: justify;\">Partiendo de la resoluci\u00f3n No. 0452 de 2014 por la cual se adopta la pol\u00edtica de fomento del Bienestar y Liderazgo del Aprendiz \u201cVive el Sena\u201d del Servicio Nacional de Aprendizaje, la Corporaci\u00f3n Universal de los Andes presenta el Plan de Bienestar, donde se asume la perspectiva de formaci\u00f3n Hol\u00edstica, definiendo plan de bienestar como el conjunto de actividades que se orientan al desarrollo f\u00edsico, pisco-afectivo, y social de la comunidad estudiantil.<\/p>\n<h2 style=\"text-align: justify;\"><span style=\"color: #0a77b8;\">OBJETIVOS ESPEC\u00cdFICOS :<\/span><\/h2>\n<ul>\n<li style=\"text-align: justify;\">\u00a0Lograr la integraci\u00f3n de toda la comunidad educativa, a trav\u00e9s de actividades que permitan su interacci\u00f3n.<\/li>\n<li style=\"text-align: justify;\">Estimular el crecimiento personal del aprendiz por medio del conocimiento de s\u00ed mismo y de los dem\u00e1s miembros de la comunidad, propendiendo el reconocimiento de sus fortalezas y debilidades y el desarrollo de habilidades socioemocionales.<\/li>\n<li style=\"text-align: justify;\">\u00a0Disminuir la deserci\u00f3n de los programas de formaci\u00f3n por medio de la identificaci\u00f3n y prevenci\u00f3n de factores que aumentan su probabilidad.<\/li>\n<li style=\"text-align: justify;\">Dise\u00f1ar actividades que agrupen los componentes estrat\u00e9gicos de la pol\u00edtica de fomento de Bienestar y liderazgo .<\/li>\n<li style=\"text-align: justify;\">Desarrollar competencias y\/o habilidades a trav\u00e9s de actividades deportivas y\/o culturales que les permitan complementar su desarrollo formativo.<\/li>\n<\/ul>\n<h2><span style=\"color: #0d7cbc;\">COMPONENTES ESTRAT\u00c9GICOS\u00a0<\/span><\/h2>\n<ul>\n<li>Salud<\/li>\n<li>Recreaci\u00f3n y Deporte<\/li>\n<li>Habilidades socioemocionales y\/o para la vida<\/li>\n<li>Cultura<\/li>\n<li>Liderazgo y Emprendimiento<\/li>\n<li>Responsabilidad Social<\/li>\n<li>Convivencia<\/li>\n<\/ul>\n[\/vc_column_text][\/vc_column][\/vc_row]\n","protected":false},"excerpt":{"rendered":"<p>[vc_row][vc_column][vc_column_text]ENFOQUE : Partiendo de la resoluci\u00f3n No. 0452 de 2014 por la cual se adopta la pol\u00edtica de fomento del Bienestar y Liderazgo del Aprendiz \u201cVive el Sena\u201d del Servicio Nacional de Aprendizaje, la Corporaci\u00f3n Universal de los Andes presenta el Plan de Bienestar, donde se asume la perspectiva de formaci\u00f3n Hol\u00edstica, definiendo plan de [&hellip;]<\/p>\n","protected":false},"author":1,"featured_media":0,"parent":0,"menu_order":0,"comment_status":"closed","ping_status":"closed","template":"","meta":{"_joinchat":[]},"yoast_head":"<!-- This site is optimized with the Yoast SEO plugin v20.3 - https:\/\/yoast.com\/wordpress\/plugins\/seo\/ -->\n<title>Bienestar Institucional - CUA<\/title>\n<meta name=\"robots\" content=\"index, follow, max-snippet:-1, max-image-preview:large, max-video-preview:-1\" \/>\n<link rel=\"canonical\" href=\"https:\/\/cua.edu.co\/web3\/bienestar-institucional\/\" \/>\n<meta property=\"og:locale\" content=\"es_ES\" \/>\n<meta property=\"og:type\" content=\"article\" \/>\n<meta property=\"og:title\" content=\"Bienestar Institucional - CUA\" \/>\n<meta property=\"og:description\" content=\"[vc_row][vc_column][vc_column_text]ENFOQUE : Partiendo de la resoluci\u00f3n No. 0452 de 2014 por la cual se adopta la pol\u00edtica de fomento del Bienestar y Liderazgo del Aprendiz \u201cVive el Sena\u201d del Servicio Nacional de Aprendizaje, la Corporaci\u00f3n Universal de los Andes presenta el Plan de Bienestar, donde se asume la perspectiva de formaci\u00f3n Hol\u00edstica, definiendo plan de [&hellip;]\" \/>\n<meta property=\"og:url\" content=\"https:\/\/cua.edu.co\/web3\/bienestar-institucional\/\" \/>\n<meta property=\"og:site_name\" content=\"CUA\" \/>\n<meta property=\"article:modified_time\" content=\"2017-12-20T02:54:13+00:00\" \/>\n<meta name=\"twitter:card\" content=\"summary_large_image\" \/>\n<meta name=\"twitter:label1\" content=\"Tiempo de lectura\" \/>\n\t<meta name=\"twitter:data1\" content=\"1 minuto\" \/>\n<script type=\"application\/ld+json\" class=\"yoast-schema-graph\">{\"@context\":\"https:\/\/schema.org\",\"@graph\":[{\"@type\":\"WebPage\",\"@id\":\"https:\/\/cua.edu.co\/web3\/bienestar-institucional\/\",\"url\":\"https:\/\/cua.edu.co\/web3\/bienestar-institucional\/\",\"name\":\"Bienestar Institucional - CUA\",\"isPartOf\":{\"@id\":\"https:\/\/cua.edu.co\/web3\/#website\"},\"datePublished\":\"2016-05-12T00:04:11+00:00\",\"dateModified\":\"2017-12-20T02:54:13+00:00\",\"breadcrumb\":{\"@id\":\"https:\/\/cua.edu.co\/web3\/bienestar-institucional\/#breadcrumb\"},\"inLanguage\":\"es\",\"potentialAction\":[{\"@type\":\"ReadAction\",\"target\":[\"https:\/\/cua.edu.co\/web3\/bienestar-institucional\/\"]}]},{\"@type\":\"BreadcrumbList\",\"@id\":\"https:\/\/cua.edu.co\/web3\/bienestar-institucional\/#breadcrumb\",\"itemListElement\":[{\"@type\":\"ListItem\",\"position\":1,\"name\":\"Portada\",\"item\":\"https:\/\/cua.edu.co\/web3\/\"},{\"@type\":\"ListItem\",\"position\":2,\"name\":\"Bienestar Institucional\"}]},{\"@type\":\"WebSite\",\"@id\":\"https:\/\/cua.edu.co\/web3\/#website\",\"url\":\"https:\/\/cua.edu.co\/web3\/\",\"name\":\"CUA\",\"description\":\"\",\"potentialAction\":[{\"@type\":\"SearchAction\",\"target\":{\"@type\":\"EntryPoint\",\"urlTemplate\":\"https:\/\/cua.edu.co\/web3\/?s={search_term_string}\"},\"query-input\":\"required name=search_term_string\"}],\"inLanguage\":\"es\"}]}<\/script>\n<!-- \/ Yoast SEO plugin. -->","yoast_head_json":{"title":"Bienestar Institucional - CUA","robots":{"index":"index","follow":"follow","max-snippet":"max-snippet:-1","max-image-preview":"max-image-preview:large","max-video-preview":"max-video-preview:-1"},"canonical":"https:\/\/cua.edu.co\/web3\/bienestar-institucional\/","og_locale":"es_ES","og_type":"article","og_title":"Bienestar Institucional - CUA","og_description":"[vc_row][vc_column][vc_column_text]ENFOQUE : Partiendo de la resoluci\u00f3n No. 0452 de 2014 por la cual se adopta la pol\u00edtica de fomento del Bienestar y Liderazgo del Aprendiz \u201cVive el Sena\u201d del Servicio Nacional de Aprendizaje, la Corporaci\u00f3n Universal de los Andes presenta el Plan de Bienestar, donde se asume la perspectiva de formaci\u00f3n Hol\u00edstica, definiendo plan de [&hellip;]","og_url":"https:\/\/cua.edu.co\/web3\/bienestar-institucional\/","og_site_name":"CUA","article_modified_time":"2017-12-20T02:54:13+00:00","twitter_card":"summary_large_image","twitter_misc":{"Tiempo de lectura":"1 minuto"},"schema":{"@context":"https:\/\/schema.org","@graph":[{"@type":"WebPage","@id":"https:\/\/cua.edu.co\/web3\/bienestar-institucional\/","url":"https:\/\/cua.edu.co\/web3\/bienestar-institucional\/","name":"Bienestar Institucional - CUA","isPartOf":{"@id":"https:\/\/cua.edu.co\/web3\/#website"},"datePublished":"2016-05-12T00:04:11+00:00","dateModified":"2017-12-20T02:54:13+00:00","breadcrumb":{"@id":"https:\/\/cua.edu.co\/web3\/bienestar-institucional\/#breadcrumb"},"inLanguage":"es","potentialAction":[{"@type":"ReadAction","target":["https:\/\/cua.edu.co\/web3\/bienestar-institucional\/"]}]},{"@type":"BreadcrumbList","@id":"https:\/\/cua.edu.co\/web3\/bienestar-institucional\/#breadcrumb","itemListElement":[{"@type":"ListItem","position":1,"name":"Portada","item":"https:\/\/cua.edu.co\/web3\/"},{"@type":"ListItem","position":2,"name":"Bienestar Institucional"}]},{"@type":"WebSite","@id":"https:\/\/cua.edu.co\/web3\/#website","url":"https:\/\/cua.edu.co\/web3\/","name":"CUA","description":"","potentialAction":[{"@type":"SearchAction","target":{"@type":"EntryPoint","urlTemplate":"https:\/\/cua.edu.co\/web3\/?s={search_term_string}"},"query-input":"required name=search_term_string"}],"inLanguage":"es"}]}},"_links":{"self":[{"href":"https:\/\/cua.edu.co\/web3\/wp-json\/wp\/v2\/pages\/7862"}],"collection":[{"href":"https:\/\/cua.edu.co\/web3\/wp-json\/wp\/v2\/pages"}],"about":[{"href":"https:\/\/cua.edu.co\/web3\/wp-json\/wp\/v2\/types\/page"}],"author":[{"embeddable":true,"href":"https:\/\/cua.edu.co\/web3\/wp-json\/wp\/v2\/users\/1"}],"replies":[{"embeddable":true,"href":"https:\/\/cua.edu.co\/web3\/wp-json\/wp\/v2\/comments?post=7862"}],"version-history":[{"count":14,"href":"https:\/\/cua.edu.co\/web3\/wp-json\/wp\/v2\/pages\/7862\/revisions"}],"predecessor-version":[{"id":8268,"href":"https:\/\/cua.edu.co\/web3\/wp-json\/wp\/v2\/pages\/7862\/revisions\/8268"}],"wp:attachment":[{"href":"https:\/\/cua.edu.co\/web3\/wp-json\/wp\/v2\/media?parent=7862"}],"curies":[{"name":"wp","href":"https:\/\/api.w.org\/{rel}","templated":true}]}}