{"id":771,"date":"2012-04-29T12:57:20","date_gmt":"2012-04-29T12:57:20","guid":{"rendered":"http:\/\/themes.muffingroup.com\/doover\/?page_id=771"},"modified":"2018-01-26T10:45:28","modified_gmt":"2018-01-26T15:45:28","slug":"left-sidebar","status":"publish","type":"page","link":"https:\/\/cua.edu.co\/web3\/pages\/cienciasecnomicas\/left-sidebar\/","title":{"rendered":"Auxiliar Contable y Financiero"},"content":{"rendered":"[vc_row][vc_column]<div id=\"ultimate-heading-384369f4d136b7556\" class=\"uvc-heading ult-adjust-bottom-margin ultimate-heading-384369f4d136b7556 uvc-3849 \" data-hspacer=\"no_spacer\"  data-halign=\"center\" style=\"text-align:center\"><div class=\"uvc-heading-spacer no_spacer\" style=\"top\"><\/div><div class=\"uvc-sub-heading ult-responsive\"  data-ultimate-target='.uvc-heading.ultimate-heading-384369f4d136b7556 .uvc-sub-heading '  data-responsive-json-new='{\"font-size\":\"\",\"line-height\":\"\"}'  style=\"font-weight:normal;\"><img decoding=\"async\" loading=\"lazy\" class=\"alignnone size-full wp-image-8204\" src=\"data:image\/gif;base64,R0lGODdhAQABAPAAAP\/\/\/wAAACwAAAAAAQABAEACAkQBADs=\" data-lazy-src=\"http:\/\/www.cua.edu.co\/web3\/wp-content\/uploads\/2012\/04\/AUX-CONTABLE2.png\" alt=\"AUX CONTABLE2\" width=\"1356\" height=\"354\" data-lazy-srcset=\"https:\/\/cua.edu.co\/web3\/wp-content\/uploads\/2012\/04\/AUX-CONTABLE2-200x52.png 200w, https:\/\/cua.edu.co\/web3\/wp-content\/uploads\/2012\/04\/AUX-CONTABLE2-400x104.png 400w, https:\/\/cua.edu.co\/web3\/wp-content\/uploads\/2012\/04\/AUX-CONTABLE2-600x157.png 600w, https:\/\/cua.edu.co\/web3\/wp-content\/uploads\/2012\/04\/AUX-CONTABLE2-800x209.png 800w, https:\/\/cua.edu.co\/web3\/wp-content\/uploads\/2012\/04\/AUX-CONTABLE2-1200x313.png 1200w, https:\/\/cua.edu.co\/web3\/wp-content\/uploads\/2012\/04\/AUX-CONTABLE2.png 1356w\" data-lazy-sizes=\"(max-width: 1356px) 100vw, 1356px\" \/><noscript><img decoding=\"async\" loading=\"lazy\" class=\"alignnone size-full wp-image-8204\" src=\"http:\/\/www.cua.edu.co\/web3\/wp-content\/uploads\/2012\/04\/AUX-CONTABLE2.png\" alt=\"AUX CONTABLE2\" width=\"1356\" height=\"354\" srcset=\"https:\/\/cua.edu.co\/web3\/wp-content\/uploads\/2012\/04\/AUX-CONTABLE2-200x52.png 200w, https:\/\/cua.edu.co\/web3\/wp-content\/uploads\/2012\/04\/AUX-CONTABLE2-400x104.png 400w, https:\/\/cua.edu.co\/web3\/wp-content\/uploads\/2012\/04\/AUX-CONTABLE2-600x157.png 600w, https:\/\/cua.edu.co\/web3\/wp-content\/uploads\/2012\/04\/AUX-CONTABLE2-800x209.png 800w, https:\/\/cua.edu.co\/web3\/wp-content\/uploads\/2012\/04\/AUX-CONTABLE2-1200x313.png 1200w, https:\/\/cua.edu.co\/web3\/wp-content\/uploads\/2012\/04\/AUX-CONTABLE2.png 1356w\" sizes=\"(max-width: 1356px) 100vw, 1356px\" \/><\/noscript><\/div><\/div>[\/vc_column][\/vc_row][vc_row][vc_column width=\u00bb1\/2&#8243;][vc_empty_space][vc_column_text]<strong><span style=\"font-family: 'Arial','sans-serif'; color: #333333;\">Duraci\u00f3n :<\/span><\/strong><span style=\"font-family: 'Arial','sans-serif'; color: #333333;\">18 meses (\u00a03 niveles )<\/span><\/p>\n<p><strong><span style=\"font-family: 'Arial','sans-serif'; color: #333333;\">Certificado que otorga :<\/span><\/strong><span style=\"font-family: 'Arial','sans-serif'; color: #333333;\"> Certificado de Aptitud Ocupacional de T\u00e9cnico Laboral por Competencias en\u00a0Auxiliar Contable y Financiero<\/span><\/p>\n<p style=\"text-align: justify;\"><strong><span style=\"font-family: 'Arial','sans-serif'; color: #333333;\">Perfil Ocupacional :<\/span><\/strong><span style=\"font-family: 'Arial','sans-serif'; color: #333333;\">Ofrece a los interesados el prepararse para la causaci\u00f3n de los diferentes hechos econ\u00f3micos de la empresa [compras, ventas, sueldos, pago servicios, depreciaciones, etc.], el manejo y control de inventarios, el manejo o gesti\u00f3n de cartera,\u00a0conciliaciones bancarias, la proyecci\u00f3n de estados financieros e informes contables o financieros, la preparaci\u00f3n y proyecci\u00f3n de las declaraciones tributarias y los diferentes informes con destino a las entidades estatales de control<\/span><\/p>\n<p style=\"text-align: justify;\"><b>P\u00e9nsum Acad\u00e9mico:<\/b><\/p>\n<p style=\"text-align: justify;\"><img decoding=\"async\" loading=\"lazy\" class=\"alignnone size-full wp-image-8322\" src=\"data:image\/gif;base64,R0lGODdhAQABAPAAAP\/\/\/wAAACwAAAAAAQABAEACAkQBADs=\" data-lazy-src=\"http:\/\/www.cua.edu.co\/web3\/wp-content\/uploads\/2018\/01\/plantilla-contable-y-financiero.jpg\" alt=\"plantilla contable y financiero\" width=\"600\" height=\"289\" data-lazy-srcset=\"https:\/\/cua.edu.co\/web3\/wp-content\/uploads\/2018\/01\/plantilla-contable-y-financiero-200x96.jpg 200w, https:\/\/cua.edu.co\/web3\/wp-content\/uploads\/2018\/01\/plantilla-contable-y-financiero-400x193.jpg 400w, https:\/\/cua.edu.co\/web3\/wp-content\/uploads\/2018\/01\/plantilla-contable-y-financiero.jpg 600w\" data-lazy-sizes=\"(max-width: 600px) 100vw, 600px\" \/><noscript><img decoding=\"async\" loading=\"lazy\" class=\"alignnone size-full wp-image-8322\" src=\"http:\/\/www.cua.edu.co\/web3\/wp-content\/uploads\/2018\/01\/plantilla-contable-y-financiero.jpg\" alt=\"plantilla contable y financiero\" width=\"600\" height=\"289\" srcset=\"https:\/\/cua.edu.co\/web3\/wp-content\/uploads\/2018\/01\/plantilla-contable-y-financiero-200x96.jpg 200w, https:\/\/cua.edu.co\/web3\/wp-content\/uploads\/2018\/01\/plantilla-contable-y-financiero-400x193.jpg 400w, https:\/\/cua.edu.co\/web3\/wp-content\/uploads\/2018\/01\/plantilla-contable-y-financiero.jpg 600w\" sizes=\"(max-width: 600px) 100vw, 600px\" \/><\/noscript><\/p>\n[\/vc_column_text][\/vc_column][vc_column width=\u00bb1\/2&#8243;][vc_empty_space][vc_video link=\u00bbhttps:\/\/youtu.be\/qZUWCKHJ7a8&#8243;][vc_widget_sidebar sidebar_id=\u00bbcs-2&#8243;][\/vc_column][\/vc_row]\n","protected":false},"excerpt":{"rendered":"<p>[vc_row][vc_column][\/vc_column][\/vc_row][vc_row][vc_column width=\u00bb1\/2&#8243;][vc_empty_space][vc_column_text]Duraci\u00f3n :18 meses (\u00a03 niveles ) Certificado que otorga : Certificado de Aptitud Ocupacional de T\u00e9cnico Laboral por Competencias en\u00a0Auxiliar Contable y Financiero Perfil Ocupacional :Ofrece a los interesados el prepararse para la causaci\u00f3n de los diferentes hechos econ\u00f3micos de la empresa [compras, ventas, sueldos, pago servicios, depreciaciones, etc.], el manejo y control de [&hellip;]<\/p>\n","protected":false},"author":1,"featured_media":0,"parent":327,"menu_order":1,"comment_status":"open","ping_status":"closed","template":"","meta":{"_joinchat":[]},"yoast_head":"<!-- This site is optimized with the Yoast SEO plugin v20.3 - https:\/\/yoast.com\/wordpress\/plugins\/seo\/ -->\n<title>Auxiliar Contable y Financiero - CUA<\/title>\n<meta name=\"robots\" content=\"index, follow, max-snippet:-1, max-image-preview:large, max-video-preview:-1\" \/>\n<link rel=\"canonical\" href=\"https:\/\/cua.edu.co\/web3\/pages\/cienciasecnomicas\/left-sidebar\/\" \/>\n<meta property=\"og:locale\" content=\"es_ES\" \/>\n<meta property=\"og:type\" content=\"article\" \/>\n<meta property=\"og:title\" content=\"Auxiliar Contable y Financiero - CUA\" \/>\n<meta property=\"og:description\" content=\"[vc_row][vc_column][\/vc_column][\/vc_row][vc_row][vc_column width=\u00bb1\/2&#8243;][vc_empty_space][vc_column_text]Duraci\u00f3n :18 meses (\u00a03 niveles ) Certificado que otorga : Certificado de Aptitud Ocupacional de T\u00e9cnico Laboral por Competencias en\u00a0Auxiliar Contable y Financiero Perfil Ocupacional :Ofrece a los interesados el prepararse para la causaci\u00f3n de los diferentes hechos econ\u00f3micos de la empresa [compras, ventas, sueldos, pago servicios, depreciaciones, etc.], el manejo y control de [&hellip;]\" \/>\n<meta property=\"og:url\" content=\"https:\/\/cua.edu.co\/web3\/pages\/cienciasecnomicas\/left-sidebar\/\" \/>\n<meta property=\"og:site_name\" content=\"CUA\" \/>\n<meta property=\"article:modified_time\" content=\"2018-01-26T15:45:28+00:00\" \/>\n<meta property=\"og:image\" content=\"http:\/\/www.cua.edu.co\/web3\/wp-content\/uploads\/2012\/04\/AUX-CONTABLE2.png\" \/>\n<meta name=\"twitter:card\" content=\"summary_large_image\" \/>\n<meta name=\"twitter:label1\" content=\"Tiempo de lectura\" \/>\n\t<meta name=\"twitter:data1\" content=\"1 minuto\" \/>\n<script type=\"application\/ld+json\" class=\"yoast-schema-graph\">{\"@context\":\"https:\/\/schema.org\",\"@graph\":[{\"@type\":\"WebPage\",\"@id\":\"https:\/\/cua.edu.co\/web3\/pages\/cienciasecnomicas\/left-sidebar\/\",\"url\":\"https:\/\/cua.edu.co\/web3\/pages\/cienciasecnomicas\/left-sidebar\/\",\"name\":\"Auxiliar Contable y Financiero - CUA\",\"isPartOf\":{\"@id\":\"https:\/\/cua.edu.co\/web3\/#website\"},\"datePublished\":\"2012-04-29T12:57:20+00:00\",\"dateModified\":\"2018-01-26T15:45:28+00:00\",\"breadcrumb\":{\"@id\":\"https:\/\/cua.edu.co\/web3\/pages\/cienciasecnomicas\/left-sidebar\/#breadcrumb\"},\"inLanguage\":\"es\",\"potentialAction\":[{\"@type\":\"ReadAction\",\"target\":[\"https:\/\/cua.edu.co\/web3\/pages\/cienciasecnomicas\/left-sidebar\/\"]}]},{\"@type\":\"BreadcrumbList\",\"@id\":\"https:\/\/cua.edu.co\/web3\/pages\/cienciasecnomicas\/left-sidebar\/#breadcrumb\",\"itemListElement\":[{\"@type\":\"ListItem\",\"position\":1,\"name\":\"Portada\",\"item\":\"https:\/\/cua.edu.co\/web3\/\"},{\"@type\":\"ListItem\",\"position\":2,\"name\":\"Programas\",\"item\":\"https:\/\/cua.edu.co\/web3\/pages\/\"},{\"@type\":\"ListItem\",\"position\":3,\"name\":\"Ciencias Econ\u00f3micas\",\"item\":\"https:\/\/cua.edu.co\/web3\/pages\/cienciasecnomicas\/\"},{\"@type\":\"ListItem\",\"position\":4,\"name\":\"Auxiliar Contable y Financiero\"}]},{\"@type\":\"WebSite\",\"@id\":\"https:\/\/cua.edu.co\/web3\/#website\",\"url\":\"https:\/\/cua.edu.co\/web3\/\",\"name\":\"CUA\",\"description\":\"\",\"potentialAction\":[{\"@type\":\"SearchAction\",\"target\":{\"@type\":\"EntryPoint\",\"urlTemplate\":\"https:\/\/cua.edu.co\/web3\/?s={search_term_string}\"},\"query-input\":\"required name=search_term_string\"}],\"inLanguage\":\"es\"}]}<\/script>\n<!-- \/ Yoast SEO plugin. -->","yoast_head_json":{"title":"Auxiliar Contable y Financiero - CUA","robots":{"index":"index","follow":"follow","max-snippet":"max-snippet:-1","max-image-preview":"max-image-preview:large","max-video-preview":"max-video-preview:-1"},"canonical":"https:\/\/cua.edu.co\/web3\/pages\/cienciasecnomicas\/left-sidebar\/","og_locale":"es_ES","og_type":"article","og_title":"Auxiliar Contable y Financiero - CUA","og_description":"[vc_row][vc_column][\/vc_column][\/vc_row][vc_row][vc_column width=\u00bb1\/2&#8243;][vc_empty_space][vc_column_text]Duraci\u00f3n :18 meses (\u00a03 niveles ) Certificado que otorga : Certificado de Aptitud Ocupacional de T\u00e9cnico Laboral por Competencias en\u00a0Auxiliar Contable y Financiero Perfil Ocupacional :Ofrece a los interesados el prepararse para la causaci\u00f3n de los diferentes hechos econ\u00f3micos de la empresa [compras, ventas, sueldos, pago servicios, depreciaciones, etc.], el manejo y control de [&hellip;]","og_url":"https:\/\/cua.edu.co\/web3\/pages\/cienciasecnomicas\/left-sidebar\/","og_site_name":"CUA","article_modified_time":"2018-01-26T15:45:28+00:00","og_image":[{"url":"http:\/\/www.cua.edu.co\/web3\/wp-content\/uploads\/2012\/04\/AUX-CONTABLE2.png"}],"twitter_card":"summary_large_image","twitter_misc":{"Tiempo de lectura":"1 minuto"},"schema":{"@context":"https:\/\/schema.org","@graph":[{"@type":"WebPage","@id":"https:\/\/cua.edu.co\/web3\/pages\/cienciasecnomicas\/left-sidebar\/","url":"https:\/\/cua.edu.co\/web3\/pages\/cienciasecnomicas\/left-sidebar\/","name":"Auxiliar Contable y Financiero - CUA","isPartOf":{"@id":"https:\/\/cua.edu.co\/web3\/#website"},"datePublished":"2012-04-29T12:57:20+00:00","dateModified":"2018-01-26T15:45:28+00:00","breadcrumb":{"@id":"https:\/\/cua.edu.co\/web3\/pages\/cienciasecnomicas\/left-sidebar\/#breadcrumb"},"inLanguage":"es","potentialAction":[{"@type":"ReadAction","target":["https:\/\/cua.edu.co\/web3\/pages\/cienciasecnomicas\/left-sidebar\/"]}]},{"@type":"BreadcrumbList","@id":"https:\/\/cua.edu.co\/web3\/pages\/cienciasecnomicas\/left-sidebar\/#breadcrumb","itemListElement":[{"@type":"ListItem","position":1,"name":"Portada","item":"https:\/\/cua.edu.co\/web3\/"},{"@type":"ListItem","position":2,"name":"Programas","item":"https:\/\/cua.edu.co\/web3\/pages\/"},{"@type":"ListItem","position":3,"name":"Ciencias Econ\u00f3micas","item":"https:\/\/cua.edu.co\/web3\/pages\/cienciasecnomicas\/"},{"@type":"ListItem","position":4,"name":"Auxiliar Contable y Financiero"}]},{"@type":"WebSite","@id":"https:\/\/cua.edu.co\/web3\/#website","url":"https:\/\/cua.edu.co\/web3\/","name":"CUA","description":"","potentialAction":[{"@type":"SearchAction","target":{"@type":"EntryPoint","urlTemplate":"https:\/\/cua.edu.co\/web3\/?s={search_term_string}"},"query-input":"required name=search_term_string"}],"inLanguage":"es"}]}},"_links":{"self":[{"href":"https:\/\/cua.edu.co\/web3\/wp-json\/wp\/v2\/pages\/771"}],"collection":[{"href":"https:\/\/cua.edu.co\/web3\/wp-json\/wp\/v2\/pages"}],"about":[{"href":"https:\/\/cua.edu.co\/web3\/wp-json\/wp\/v2\/types\/page"}],"author":[{"embeddable":true,"href":"https:\/\/cua.edu.co\/web3\/wp-json\/wp\/v2\/users\/1"}],"replies":[{"embeddable":true,"href":"https:\/\/cua.edu.co\/web3\/wp-json\/wp\/v2\/comments?post=771"}],"version-history":[{"count":40,"href":"https:\/\/cua.edu.co\/web3\/wp-json\/wp\/v2\/pages\/771\/revisions"}],"predecessor-version":[{"id":8325,"href":"https:\/\/cua.edu.co\/web3\/wp-json\/wp\/v2\/pages\/771\/revisions\/8325"}],"up":[{"embeddable":true,"href":"https:\/\/cua.edu.co\/web3\/wp-json\/wp\/v2\/pages\/327"}],"wp:attachment":[{"href":"https:\/\/cua.edu.co\/web3\/wp-json\/wp\/v2\/media?parent=771"}],"curies":[{"name":"wp","href":"https:\/\/api.w.org\/{rel}","templated":true}]}}