{"id":7509,"date":"2015-06-26T02:21:23","date_gmt":"2015-06-26T02:21:23","guid":{"rendered":"http:\/\/www.cua.edu.co\/web3\/?page_id=7509"},"modified":"2015-07-01T20:03:54","modified_gmt":"2015-07-01T20:03:54","slug":"solicitudes-de-empresas","status":"publish","type":"page","link":"https:\/\/cua.edu.co\/web3\/solicitudes-de-empresas\/","title":{"rendered":"Solicitudes de Empresas"},"content":{"rendered":"<p>&nbsp;<\/p>\n<p><a href=\"http:\/\/www.cua.edu.co\/web3\/wp-content\/uploads\/2015\/06\/IMG_9566.jpg\"><img decoding=\"async\" loading=\"lazy\" class=\"  wp-image-7512 aligncenter\" src=\"data:image\/gif;base64,R0lGODdhAQABAPAAAP\/\/\/wAAACwAAAAAAQABAEACAkQBADs=\" data-lazy-src=\"http:\/\/www.cua.edu.co\/web3\/wp-content\/uploads\/2015\/06\/IMG_9566-1024x683.jpg\" alt=\"IMG_9566\" width=\"649\" height=\"433\" data-lazy-srcset=\"https:\/\/cua.edu.co\/web3\/wp-content\/uploads\/2015\/06\/IMG_9566-50x33.jpg 50w, https:\/\/cua.edu.co\/web3\/wp-content\/uploads\/2015\/06\/IMG_9566-105x70.jpg 105w, https:\/\/cua.edu.co\/web3\/wp-content\/uploads\/2015\/06\/IMG_9566-219x146.jpg 219w, https:\/\/cua.edu.co\/web3\/wp-content\/uploads\/2015\/06\/IMG_9566-300x200.jpg 300w, https:\/\/cua.edu.co\/web3\/wp-content\/uploads\/2015\/06\/IMG_9566-380x253.jpg 380w, https:\/\/cua.edu.co\/web3\/wp-content\/uploads\/2015\/06\/IMG_9566-480x320.jpg 480w, https:\/\/cua.edu.co\/web3\/wp-content\/uploads\/2015\/06\/IMG_9566-1024x683.jpg 1024w, https:\/\/cua.edu.co\/web3\/wp-content\/uploads\/2015\/06\/IMG_9566.jpg 5616w\" data-lazy-sizes=\"(max-width: 649px) 100vw, 649px\" \/><noscript><img decoding=\"async\" loading=\"lazy\" class=\"  wp-image-7512 aligncenter\" src=\"http:\/\/www.cua.edu.co\/web3\/wp-content\/uploads\/2015\/06\/IMG_9566-1024x683.jpg\" alt=\"IMG_9566\" width=\"649\" height=\"433\" srcset=\"https:\/\/cua.edu.co\/web3\/wp-content\/uploads\/2015\/06\/IMG_9566-50x33.jpg 50w, https:\/\/cua.edu.co\/web3\/wp-content\/uploads\/2015\/06\/IMG_9566-105x70.jpg 105w, https:\/\/cua.edu.co\/web3\/wp-content\/uploads\/2015\/06\/IMG_9566-219x146.jpg 219w, https:\/\/cua.edu.co\/web3\/wp-content\/uploads\/2015\/06\/IMG_9566-300x200.jpg 300w, https:\/\/cua.edu.co\/web3\/wp-content\/uploads\/2015\/06\/IMG_9566-380x253.jpg 380w, https:\/\/cua.edu.co\/web3\/wp-content\/uploads\/2015\/06\/IMG_9566-480x320.jpg 480w, https:\/\/cua.edu.co\/web3\/wp-content\/uploads\/2015\/06\/IMG_9566-1024x683.jpg 1024w, https:\/\/cua.edu.co\/web3\/wp-content\/uploads\/2015\/06\/IMG_9566.jpg 5616w\" sizes=\"(max-width: 649px) 100vw, 649px\" \/><\/noscript><\/a><\/p>\n<p>&nbsp;<\/p>\n<p><strong><span style=\"font-family: 'Arial','sans-serif'; color: #333333;\">Para obtener hojas de vida de nuestros Egresados, solo debe seguir los siguientes pasos:<\/span><\/strong><\/p>\n<ol>\n<li style=\"text-align: justify;\"><span style=\"font-family: 'Arial','sans-serif'; color: #333333;\">Realice la solicitud al correo dirempleabilidad@cua.edu.co<\/span><\/li>\n<li style=\"text-align: justify;\"><span style=\"font-family: 'Arial','sans-serif'; color: #333333;\">Una vez realizada la solicitud, el Centro del Egresado verificar\u00e1 la informaci\u00f3n y publicar\u00e1 la oferta para recibir las hojas de vida que cumplen el perfil requerido por la organizaci\u00f3n.<\/span><\/li>\n<li style=\"text-align: justify;\"><span style=\"font-family: 'Arial','sans-serif'; color: #333333;\">Una vez seleccionadas las hojas de vida por la empresa y haber realizado el proceso de selecci\u00f3n y contrataci\u00f3n, la empresa debe reportar a la instituci\u00f3n los resultados, para conocer los Egresados que fueron vinculados laboralmente y activar nuevamente las hojas de vida que no finalizaron el proceso y poder postularlos a otras ofertas de empleo.<\/span><\/li>\n<\/ol>\n<p align=\"center\"><strong><span style=\"font-family: 'Arial','sans-serif'; color: #333333;\">\u00a0Empleabilidad \u00a0<\/span><\/strong><br \/>\n<strong><span style=\"font-family: 'Arial','sans-serif'; color: #333333;\">CUA<\/span><\/strong><span style=\"font-family: 'Arial','sans-serif'; color: #333333;\">, Sede Principal.<br \/>\nTel\u00e9fono: +57(2) 6836060\u00a0extensi\u00f3n\u00a0109<\/span><\/p>\n<p align=\"center\"><span style=\"font-family: 'Arial','sans-serif'; color: #333333;\">Correo electr\u00f3nico: dirempleabilidad@cua.edu.co<br \/>\n<\/span><\/p>\n<p align=\"center\"><strong><span style=\"font-family: 'Arial','sans-serif'; color: #333333;\">Horario de atenci\u00f3n<\/span><\/strong><br \/>\n<span style=\"font-family: 'Arial','sans-serif'; color: #333333;\">Lunes a viernes de 8:00 a.m. a 12:00 m. y de 2:00 a 6:00 p.m.<\/span><\/p>\n","protected":false},"excerpt":{"rendered":"<p>&nbsp; &nbsp; Para obtener hojas de vida de nuestros Egresados, solo debe seguir los siguientes pasos: Realice la solicitud al correo dirempleabilidad@cua.edu.co Una vez realizada la solicitud, el Centro del Egresado verificar\u00e1 la informaci\u00f3n y publicar\u00e1 la oferta para recibir las hojas de vida que cumplen el perfil requerido por la organizaci\u00f3n. Una vez seleccionadas [&hellip;]<\/p>\n","protected":false},"author":1,"featured_media":0,"parent":0,"menu_order":0,"comment_status":"open","ping_status":"closed","template":"","meta":{"_joinchat":[]},"yoast_head":"<!-- This site is optimized with the Yoast SEO plugin v20.3 - https:\/\/yoast.com\/wordpress\/plugins\/seo\/ -->\n<title>Solicitudes de Empresas - CUA<\/title>\n<meta name=\"robots\" content=\"index, follow, max-snippet:-1, max-image-preview:large, max-video-preview:-1\" \/>\n<link rel=\"canonical\" href=\"https:\/\/cua.edu.co\/web3\/solicitudes-de-empresas\/\" \/>\n<meta property=\"og:locale\" content=\"es_ES\" \/>\n<meta property=\"og:type\" content=\"article\" \/>\n<meta property=\"og:title\" content=\"Solicitudes de Empresas - CUA\" \/>\n<meta property=\"og:description\" content=\"&nbsp; &nbsp; Para obtener hojas de vida de nuestros Egresados, solo debe seguir los siguientes pasos: Realice la solicitud al correo dirempleabilidad@cua.edu.co Una vez realizada la solicitud, el Centro del Egresado verificar\u00e1 la informaci\u00f3n y publicar\u00e1 la oferta para recibir las hojas de vida que cumplen el perfil requerido por la organizaci\u00f3n. Una vez seleccionadas [&hellip;]\" \/>\n<meta property=\"og:url\" content=\"https:\/\/cua.edu.co\/web3\/solicitudes-de-empresas\/\" \/>\n<meta property=\"og:site_name\" content=\"CUA\" \/>\n<meta property=\"article:modified_time\" content=\"2015-07-01T20:03:54+00:00\" \/>\n<meta property=\"og:image\" content=\"http:\/\/www.cua.edu.co\/web3\/wp-content\/uploads\/2015\/06\/IMG_9566-1024x683.jpg\" \/>\n<meta name=\"twitter:card\" content=\"summary_large_image\" \/>\n<meta name=\"twitter:label1\" content=\"Tiempo de lectura\" \/>\n\t<meta name=\"twitter:data1\" content=\"1 minuto\" \/>\n<script type=\"application\/ld+json\" class=\"yoast-schema-graph\">{\"@context\":\"https:\/\/schema.org\",\"@graph\":[{\"@type\":\"WebPage\",\"@id\":\"https:\/\/cua.edu.co\/web3\/solicitudes-de-empresas\/\",\"url\":\"https:\/\/cua.edu.co\/web3\/solicitudes-de-empresas\/\",\"name\":\"Solicitudes de Empresas - CUA\",\"isPartOf\":{\"@id\":\"https:\/\/cua.edu.co\/web3\/#website\"},\"datePublished\":\"2015-06-26T02:21:23+00:00\",\"dateModified\":\"2015-07-01T20:03:54+00:00\",\"breadcrumb\":{\"@id\":\"https:\/\/cua.edu.co\/web3\/solicitudes-de-empresas\/#breadcrumb\"},\"inLanguage\":\"es\",\"potentialAction\":[{\"@type\":\"ReadAction\",\"target\":[\"https:\/\/cua.edu.co\/web3\/solicitudes-de-empresas\/\"]}]},{\"@type\":\"BreadcrumbList\",\"@id\":\"https:\/\/cua.edu.co\/web3\/solicitudes-de-empresas\/#breadcrumb\",\"itemListElement\":[{\"@type\":\"ListItem\",\"position\":1,\"name\":\"Portada\",\"item\":\"https:\/\/cua.edu.co\/web3\/\"},{\"@type\":\"ListItem\",\"position\":2,\"name\":\"Solicitudes de Empresas\"}]},{\"@type\":\"WebSite\",\"@id\":\"https:\/\/cua.edu.co\/web3\/#website\",\"url\":\"https:\/\/cua.edu.co\/web3\/\",\"name\":\"CUA\",\"description\":\"\",\"potentialAction\":[{\"@type\":\"SearchAction\",\"target\":{\"@type\":\"EntryPoint\",\"urlTemplate\":\"https:\/\/cua.edu.co\/web3\/?s={search_term_string}\"},\"query-input\":\"required name=search_term_string\"}],\"inLanguage\":\"es\"}]}<\/script>\n<!-- \/ Yoast SEO plugin. -->","yoast_head_json":{"title":"Solicitudes de Empresas - CUA","robots":{"index":"index","follow":"follow","max-snippet":"max-snippet:-1","max-image-preview":"max-image-preview:large","max-video-preview":"max-video-preview:-1"},"canonical":"https:\/\/cua.edu.co\/web3\/solicitudes-de-empresas\/","og_locale":"es_ES","og_type":"article","og_title":"Solicitudes de Empresas - CUA","og_description":"&nbsp; &nbsp; Para obtener hojas de vida de nuestros Egresados, solo debe seguir los siguientes pasos: Realice la solicitud al correo dirempleabilidad@cua.edu.co Una vez realizada la solicitud, el Centro del Egresado verificar\u00e1 la informaci\u00f3n y publicar\u00e1 la oferta para recibir las hojas de vida que cumplen el perfil requerido por la organizaci\u00f3n. Una vez seleccionadas [&hellip;]","og_url":"https:\/\/cua.edu.co\/web3\/solicitudes-de-empresas\/","og_site_name":"CUA","article_modified_time":"2015-07-01T20:03:54+00:00","og_image":[{"url":"http:\/\/www.cua.edu.co\/web3\/wp-content\/uploads\/2015\/06\/IMG_9566-1024x683.jpg"}],"twitter_card":"summary_large_image","twitter_misc":{"Tiempo de lectura":"1 minuto"},"schema":{"@context":"https:\/\/schema.org","@graph":[{"@type":"WebPage","@id":"https:\/\/cua.edu.co\/web3\/solicitudes-de-empresas\/","url":"https:\/\/cua.edu.co\/web3\/solicitudes-de-empresas\/","name":"Solicitudes de Empresas - CUA","isPartOf":{"@id":"https:\/\/cua.edu.co\/web3\/#website"},"datePublished":"2015-06-26T02:21:23+00:00","dateModified":"2015-07-01T20:03:54+00:00","breadcrumb":{"@id":"https:\/\/cua.edu.co\/web3\/solicitudes-de-empresas\/#breadcrumb"},"inLanguage":"es","potentialAction":[{"@type":"ReadAction","target":["https:\/\/cua.edu.co\/web3\/solicitudes-de-empresas\/"]}]},{"@type":"BreadcrumbList","@id":"https:\/\/cua.edu.co\/web3\/solicitudes-de-empresas\/#breadcrumb","itemListElement":[{"@type":"ListItem","position":1,"name":"Portada","item":"https:\/\/cua.edu.co\/web3\/"},{"@type":"ListItem","position":2,"name":"Solicitudes de Empresas"}]},{"@type":"WebSite","@id":"https:\/\/cua.edu.co\/web3\/#website","url":"https:\/\/cua.edu.co\/web3\/","name":"CUA","description":"","potentialAction":[{"@type":"SearchAction","target":{"@type":"EntryPoint","urlTemplate":"https:\/\/cua.edu.co\/web3\/?s={search_term_string}"},"query-input":"required name=search_term_string"}],"inLanguage":"es"}]}},"_links":{"self":[{"href":"https:\/\/cua.edu.co\/web3\/wp-json\/wp\/v2\/pages\/7509"}],"collection":[{"href":"https:\/\/cua.edu.co\/web3\/wp-json\/wp\/v2\/pages"}],"about":[{"href":"https:\/\/cua.edu.co\/web3\/wp-json\/wp\/v2\/types\/page"}],"author":[{"embeddable":true,"href":"https:\/\/cua.edu.co\/web3\/wp-json\/wp\/v2\/users\/1"}],"replies":[{"embeddable":true,"href":"https:\/\/cua.edu.co\/web3\/wp-json\/wp\/v2\/comments?post=7509"}],"version-history":[{"count":7,"href":"https:\/\/cua.edu.co\/web3\/wp-json\/wp\/v2\/pages\/7509\/revisions"}],"predecessor-version":[{"id":7536,"href":"https:\/\/cua.edu.co\/web3\/wp-json\/wp\/v2\/pages\/7509\/revisions\/7536"}],"wp:attachment":[{"href":"https:\/\/cua.edu.co\/web3\/wp-json\/wp\/v2\/media?parent=7509"}],"curies":[{"name":"wp","href":"https:\/\/api.w.org\/{rel}","templated":true}]}}