{"id":7500,"date":"2015-06-26T01:54:12","date_gmt":"2015-06-26T01:54:12","guid":{"rendered":"http:\/\/www.cua.edu.co\/web3\/?page_id=7500"},"modified":"2015-07-01T19:55:28","modified_gmt":"2015-07-01T19:55:28","slug":"actualizacion-datos-del-egresado","status":"publish","type":"page","link":"https:\/\/cua.edu.co\/web3\/actualizacion-datos-del-egresado\/","title":{"rendered":"Actualizaci\u00f3n Datos del Egresado"},"content":{"rendered":"<p style=\"text-align: justify;\"><span style=\"font-family: 'Arial','sans-serif'; color: #333333;\">Para\u00a0<strong><span style=\"font-family: 'Arial','sans-serif'; color: #333333;\">La Corporaci\u00f3n Universal de los Andes CUA<\/span><\/strong>,\u00a0es muy importante mantener una comunicaci\u00f3n permanente con sus egresados, permitiendo disfrutar de los servicios que ofrece la instituci\u00f3n; coordinando intermediaci\u00f3n Laboral, descuentos para Diplomados, Cursos y Seminarios, adem\u00e1s de enterarse de las actividades de bienestar programadas por la instituci\u00f3n.<\/span><\/p>\n<p><span style=\"font-family: 'Arial','sans-serif'; color: #333333;\">Por eso te invitamos a actualizar tu hoja de vida por lo menos cada seis meses o cuando haya un cambio significativo.<span style=\"font-family: 'Arial','sans-serif'; color: #333333;\"><a href=\"https:\/\/www.q10academico.com\/login?ReturnUrl=%2F&amp;aplentId=456f49f6-6740-4d2c-96bc-76c1ad91d934\">\u00a0Ingresa a Q10 Academico.<\/a><\/span><\/span><\/p>\n<p><span style=\"font-family: 'Arial','sans-serif'; color: #333333;\">Recomendaci\u00f3n:<\/span><\/p>\n<ol>\n<li style=\"text-align: justify;\"><span style=\"font-family: 'Arial','sans-serif'; color: #333333;\">Al redactar\u00a0t\u00fa hoja de vida ten\u00a0en cuenta la ortograf\u00eda, ya que este registro ser\u00e1 el que visualicen las empresas si deseas participar de las convocatorias a las que tu perfil se ajuste. *La fotograf\u00eda digital Formal y la informaci\u00f3n de tu experiencia laboral y acad\u00e9mica.<\/span><\/li>\n<\/ol>\n<p>&nbsp;<\/p>\n<p><a href=\"http:\/\/www.cua.edu.co\/web3\/wp-content\/uploads\/2015\/06\/GA-R-044-HOJA_DE_VIDA_CUA.doc\"><img decoding=\"async\" loading=\"lazy\" class=\" size-full wp-image-7247 aligncenter\" src=\"data:image\/gif;base64,R0lGODdhAQABAPAAAP\/\/\/wAAACwAAAAAAQABAEACAkQBADs=\" data-lazy-src=\"http:\/\/www.cua.edu.co\/web3\/wp-content\/uploads\/2015\/06\/curriculum.jpg\" alt=\"curriculum\" width=\"220\" height=\"267\" data-lazy-srcset=\"https:\/\/cua.edu.co\/web3\/wp-content\/uploads\/2015\/06\/curriculum-41x50.jpg 41w, https:\/\/cua.edu.co\/web3\/wp-content\/uploads\/2015\/06\/curriculum-58x70.jpg 58w, https:\/\/cua.edu.co\/web3\/wp-content\/uploads\/2015\/06\/curriculum-120x146.jpg 120w, https:\/\/cua.edu.co\/web3\/wp-content\/uploads\/2015\/06\/curriculum.jpg 220w\" data-lazy-sizes=\"(max-width: 220px) 100vw, 220px\" \/><noscript><img decoding=\"async\" loading=\"lazy\" class=\" size-full wp-image-7247 aligncenter\" src=\"http:\/\/www.cua.edu.co\/web3\/wp-content\/uploads\/2015\/06\/curriculum.jpg\" alt=\"curriculum\" width=\"220\" height=\"267\" srcset=\"https:\/\/cua.edu.co\/web3\/wp-content\/uploads\/2015\/06\/curriculum-41x50.jpg 41w, https:\/\/cua.edu.co\/web3\/wp-content\/uploads\/2015\/06\/curriculum-58x70.jpg 58w, https:\/\/cua.edu.co\/web3\/wp-content\/uploads\/2015\/06\/curriculum-120x146.jpg 120w, https:\/\/cua.edu.co\/web3\/wp-content\/uploads\/2015\/06\/curriculum.jpg 220w\" sizes=\"(max-width: 220px) 100vw, 220px\" \/><\/noscript><\/a><\/p>\n<p>&nbsp;<\/p>\n<p align=\"center\"><span style=\"font-family: Arial, sans-serif;\"><b>Gesti\u00f3n<\/b><\/span><strong><span style=\"font-family: 'Arial','sans-serif'; color: #333333;\">\u00a0de la Comunidad\u00a0<\/span><\/strong><br \/>\n<strong><span style=\"font-family: 'Arial','sans-serif'; color: #333333;\">CUA<\/span><\/strong><span style=\"font-family: 'Arial','sans-serif'; color: #333333;\">, Sede Principal.<br \/>\nTel\u00e9fono: +57(2) 6836060\u00a0extensi\u00f3n\u00a0109<\/span><\/p>\n<p align=\"center\"><span style=\"font-family: 'Arial','sans-serif'; color: #333333;\">Correo electr\u00f3nico: <strong><span style=\"color: #0000ff;\">gcomunidad<a style=\"color: #0000ff;\" href=\"mailto:egresados@cesde.edu.co\">@c<\/a>ua.edu.co<\/span><\/strong><br \/>\n<span style=\"font-family: 'Arial','sans-serif'; color: #333333;\">Actualice sus datos<\/span><\/span><\/p>\n<p align=\"center\"><strong><span style=\"font-family: 'Arial','sans-serif'; color: #333333;\">Horario de atenci\u00f3n<\/span><\/strong><br \/>\n<span style=\"font-family: 'Arial','sans-serif'; color: #333333;\">Lunes a viernes de 8:00 a.m. a 12:00 m. y de 2:00 a 6:00 p.m.<\/span><\/p>\n","protected":false},"excerpt":{"rendered":"<p>Para\u00a0La Corporaci\u00f3n Universal de los Andes CUA,\u00a0es muy importante mantener una comunicaci\u00f3n permanente con sus egresados, permitiendo disfrutar de los servicios que ofrece la instituci\u00f3n; coordinando intermediaci\u00f3n Laboral, descuentos para Diplomados, Cursos y Seminarios, adem\u00e1s de enterarse de las actividades de bienestar programadas por la instituci\u00f3n. Por eso te invitamos a actualizar tu hoja de [&hellip;]<\/p>\n","protected":false},"author":1,"featured_media":0,"parent":0,"menu_order":0,"comment_status":"open","ping_status":"closed","template":"","meta":{"_joinchat":[]},"yoast_head":"<!-- This site is optimized with the Yoast SEO plugin v20.3 - https:\/\/yoast.com\/wordpress\/plugins\/seo\/ -->\n<title>Actualizaci\u00f3n Datos del Egresado - CUA<\/title>\n<meta name=\"robots\" content=\"index, follow, max-snippet:-1, max-image-preview:large, max-video-preview:-1\" \/>\n<link rel=\"canonical\" href=\"https:\/\/cua.edu.co\/web3\/actualizacion-datos-del-egresado\/\" \/>\n<meta property=\"og:locale\" content=\"es_ES\" \/>\n<meta property=\"og:type\" content=\"article\" \/>\n<meta property=\"og:title\" content=\"Actualizaci\u00f3n Datos del Egresado - CUA\" \/>\n<meta property=\"og:description\" content=\"Para\u00a0La Corporaci\u00f3n Universal de los Andes CUA,\u00a0es muy importante mantener una comunicaci\u00f3n permanente con sus egresados, permitiendo disfrutar de los servicios que ofrece la instituci\u00f3n; coordinando intermediaci\u00f3n Laboral, descuentos para Diplomados, Cursos y Seminarios, adem\u00e1s de enterarse de las actividades de bienestar programadas por la instituci\u00f3n. Por eso te invitamos a actualizar tu hoja de [&hellip;]\" \/>\n<meta property=\"og:url\" content=\"https:\/\/cua.edu.co\/web3\/actualizacion-datos-del-egresado\/\" \/>\n<meta property=\"og:site_name\" content=\"CUA\" \/>\n<meta property=\"article:modified_time\" content=\"2015-07-01T19:55:28+00:00\" \/>\n<meta property=\"og:image\" content=\"http:\/\/www.cua.edu.co\/web3\/wp-content\/uploads\/2015\/06\/curriculum.jpg\" \/>\n<meta name=\"twitter:card\" content=\"summary_large_image\" \/>\n<meta name=\"twitter:label1\" content=\"Tiempo de lectura\" \/>\n\t<meta name=\"twitter:data1\" content=\"1 minuto\" \/>\n<script type=\"application\/ld+json\" class=\"yoast-schema-graph\">{\"@context\":\"https:\/\/schema.org\",\"@graph\":[{\"@type\":\"WebPage\",\"@id\":\"https:\/\/cua.edu.co\/web3\/actualizacion-datos-del-egresado\/\",\"url\":\"https:\/\/cua.edu.co\/web3\/actualizacion-datos-del-egresado\/\",\"name\":\"Actualizaci\u00f3n Datos del Egresado - CUA\",\"isPartOf\":{\"@id\":\"https:\/\/cua.edu.co\/web3\/#website\"},\"datePublished\":\"2015-06-26T01:54:12+00:00\",\"dateModified\":\"2015-07-01T19:55:28+00:00\",\"breadcrumb\":{\"@id\":\"https:\/\/cua.edu.co\/web3\/actualizacion-datos-del-egresado\/#breadcrumb\"},\"inLanguage\":\"es\",\"potentialAction\":[{\"@type\":\"ReadAction\",\"target\":[\"https:\/\/cua.edu.co\/web3\/actualizacion-datos-del-egresado\/\"]}]},{\"@type\":\"BreadcrumbList\",\"@id\":\"https:\/\/cua.edu.co\/web3\/actualizacion-datos-del-egresado\/#breadcrumb\",\"itemListElement\":[{\"@type\":\"ListItem\",\"position\":1,\"name\":\"Portada\",\"item\":\"https:\/\/cua.edu.co\/web3\/\"},{\"@type\":\"ListItem\",\"position\":2,\"name\":\"Actualizaci\u00f3n Datos del Egresado\"}]},{\"@type\":\"WebSite\",\"@id\":\"https:\/\/cua.edu.co\/web3\/#website\",\"url\":\"https:\/\/cua.edu.co\/web3\/\",\"name\":\"CUA\",\"description\":\"\",\"potentialAction\":[{\"@type\":\"SearchAction\",\"target\":{\"@type\":\"EntryPoint\",\"urlTemplate\":\"https:\/\/cua.edu.co\/web3\/?s={search_term_string}\"},\"query-input\":\"required name=search_term_string\"}],\"inLanguage\":\"es\"}]}<\/script>\n<!-- \/ Yoast SEO plugin. -->","yoast_head_json":{"title":"Actualizaci\u00f3n Datos del Egresado - CUA","robots":{"index":"index","follow":"follow","max-snippet":"max-snippet:-1","max-image-preview":"max-image-preview:large","max-video-preview":"max-video-preview:-1"},"canonical":"https:\/\/cua.edu.co\/web3\/actualizacion-datos-del-egresado\/","og_locale":"es_ES","og_type":"article","og_title":"Actualizaci\u00f3n Datos del Egresado - CUA","og_description":"Para\u00a0La Corporaci\u00f3n Universal de los Andes CUA,\u00a0es muy importante mantener una comunicaci\u00f3n permanente con sus egresados, permitiendo disfrutar de los servicios que ofrece la instituci\u00f3n; coordinando intermediaci\u00f3n Laboral, descuentos para Diplomados, Cursos y Seminarios, adem\u00e1s de enterarse de las actividades de bienestar programadas por la instituci\u00f3n. Por eso te invitamos a actualizar tu hoja de [&hellip;]","og_url":"https:\/\/cua.edu.co\/web3\/actualizacion-datos-del-egresado\/","og_site_name":"CUA","article_modified_time":"2015-07-01T19:55:28+00:00","og_image":[{"url":"http:\/\/www.cua.edu.co\/web3\/wp-content\/uploads\/2015\/06\/curriculum.jpg"}],"twitter_card":"summary_large_image","twitter_misc":{"Tiempo de lectura":"1 minuto"},"schema":{"@context":"https:\/\/schema.org","@graph":[{"@type":"WebPage","@id":"https:\/\/cua.edu.co\/web3\/actualizacion-datos-del-egresado\/","url":"https:\/\/cua.edu.co\/web3\/actualizacion-datos-del-egresado\/","name":"Actualizaci\u00f3n Datos del Egresado - CUA","isPartOf":{"@id":"https:\/\/cua.edu.co\/web3\/#website"},"datePublished":"2015-06-26T01:54:12+00:00","dateModified":"2015-07-01T19:55:28+00:00","breadcrumb":{"@id":"https:\/\/cua.edu.co\/web3\/actualizacion-datos-del-egresado\/#breadcrumb"},"inLanguage":"es","potentialAction":[{"@type":"ReadAction","target":["https:\/\/cua.edu.co\/web3\/actualizacion-datos-del-egresado\/"]}]},{"@type":"BreadcrumbList","@id":"https:\/\/cua.edu.co\/web3\/actualizacion-datos-del-egresado\/#breadcrumb","itemListElement":[{"@type":"ListItem","position":1,"name":"Portada","item":"https:\/\/cua.edu.co\/web3\/"},{"@type":"ListItem","position":2,"name":"Actualizaci\u00f3n Datos del Egresado"}]},{"@type":"WebSite","@id":"https:\/\/cua.edu.co\/web3\/#website","url":"https:\/\/cua.edu.co\/web3\/","name":"CUA","description":"","potentialAction":[{"@type":"SearchAction","target":{"@type":"EntryPoint","urlTemplate":"https:\/\/cua.edu.co\/web3\/?s={search_term_string}"},"query-input":"required name=search_term_string"}],"inLanguage":"es"}]}},"_links":{"self":[{"href":"https:\/\/cua.edu.co\/web3\/wp-json\/wp\/v2\/pages\/7500"}],"collection":[{"href":"https:\/\/cua.edu.co\/web3\/wp-json\/wp\/v2\/pages"}],"about":[{"href":"https:\/\/cua.edu.co\/web3\/wp-json\/wp\/v2\/types\/page"}],"author":[{"embeddable":true,"href":"https:\/\/cua.edu.co\/web3\/wp-json\/wp\/v2\/users\/1"}],"replies":[{"embeddable":true,"href":"https:\/\/cua.edu.co\/web3\/wp-json\/wp\/v2\/comments?post=7500"}],"version-history":[{"count":8,"href":"https:\/\/cua.edu.co\/web3\/wp-json\/wp\/v2\/pages\/7500\/revisions"}],"predecessor-version":[{"id":7535,"href":"https:\/\/cua.edu.co\/web3\/wp-json\/wp\/v2\/pages\/7500\/revisions\/7535"}],"wp:attachment":[{"href":"https:\/\/cua.edu.co\/web3\/wp-json\/wp\/v2\/media?parent=7500"}],"curies":[{"name":"wp","href":"https:\/\/api.w.org\/{rel}","templated":true}]}}