{"id":7491,"date":"2015-06-25T23:58:14","date_gmt":"2015-06-25T23:58:14","guid":{"rendered":"http:\/\/www.cua.edu.co\/web3\/?page_id=7491"},"modified":"2015-07-01T19:51:45","modified_gmt":"2015-07-01T19:51:45","slug":"centro-del-egresado","status":"publish","type":"page","link":"https:\/\/cua.edu.co\/web3\/centro-del-egresado\/","title":{"rendered":"Egresados"},"content":{"rendered":"<p>&nbsp;<\/p>\n<p><a href=\"http:\/\/www.cua.edu.co\/web3\/wp-content\/uploads\/2015\/06\/IMG_9613.jpg\"><img decoding=\"async\" loading=\"lazy\" class=\"  wp-image-7492 aligncenter\" src=\"data:image\/gif;base64,R0lGODdhAQABAPAAAP\/\/\/wAAACwAAAAAAQABAEACAkQBADs=\" data-lazy-src=\"http:\/\/www.cua.edu.co\/web3\/wp-content\/uploads\/2015\/06\/IMG_9613-1024x683.jpg\" alt=\"IMG_9613\" width=\"747\" height=\"498\" data-lazy-srcset=\"https:\/\/cua.edu.co\/web3\/wp-content\/uploads\/2015\/06\/IMG_9613-50x33.jpg 50w, https:\/\/cua.edu.co\/web3\/wp-content\/uploads\/2015\/06\/IMG_9613-105x70.jpg 105w, https:\/\/cua.edu.co\/web3\/wp-content\/uploads\/2015\/06\/IMG_9613-219x146.jpg 219w, https:\/\/cua.edu.co\/web3\/wp-content\/uploads\/2015\/06\/IMG_9613-300x200.jpg 300w, https:\/\/cua.edu.co\/web3\/wp-content\/uploads\/2015\/06\/IMG_9613-380x253.jpg 380w, https:\/\/cua.edu.co\/web3\/wp-content\/uploads\/2015\/06\/IMG_9613-480x320.jpg 480w, https:\/\/cua.edu.co\/web3\/wp-content\/uploads\/2015\/06\/IMG_9613-1024x683.jpg 1024w, https:\/\/cua.edu.co\/web3\/wp-content\/uploads\/2015\/06\/IMG_9613.jpg 5616w\" data-lazy-sizes=\"(max-width: 747px) 100vw, 747px\" \/><noscript><img decoding=\"async\" loading=\"lazy\" class=\"  wp-image-7492 aligncenter\" src=\"http:\/\/www.cua.edu.co\/web3\/wp-content\/uploads\/2015\/06\/IMG_9613-1024x683.jpg\" alt=\"IMG_9613\" width=\"747\" height=\"498\" srcset=\"https:\/\/cua.edu.co\/web3\/wp-content\/uploads\/2015\/06\/IMG_9613-50x33.jpg 50w, https:\/\/cua.edu.co\/web3\/wp-content\/uploads\/2015\/06\/IMG_9613-105x70.jpg 105w, https:\/\/cua.edu.co\/web3\/wp-content\/uploads\/2015\/06\/IMG_9613-219x146.jpg 219w, https:\/\/cua.edu.co\/web3\/wp-content\/uploads\/2015\/06\/IMG_9613-300x200.jpg 300w, https:\/\/cua.edu.co\/web3\/wp-content\/uploads\/2015\/06\/IMG_9613-380x253.jpg 380w, https:\/\/cua.edu.co\/web3\/wp-content\/uploads\/2015\/06\/IMG_9613-480x320.jpg 480w, https:\/\/cua.edu.co\/web3\/wp-content\/uploads\/2015\/06\/IMG_9613-1024x683.jpg 1024w, https:\/\/cua.edu.co\/web3\/wp-content\/uploads\/2015\/06\/IMG_9613.jpg 5616w\" sizes=\"(max-width: 747px) 100vw, 747px\" \/><\/noscript><\/a><\/p>\n<p style=\"text-align: justify;\"><span style=\"font-family: 'Arial','sans-serif'; color: #333333;\">Gesti\u00f3n de la Comunidad\u00a0, es el proceso\u00a0encargado de realizar la actualizaci\u00f3n, recolecci\u00f3n de hojas de vida, y publicaci\u00f3n de vacantes para nuestros egresados;\u00a0que tiene como objetivo fomentar el desarrollo personal y laboral de los Egresados para mejorar su calidad laboral, como factor de crecimiento productivo de nuestro pa\u00eds, basados en nuestra pol\u00edtica de calidad.<\/span><\/p>\n<p style=\"text-align: justify;\"><strong><span style=\"font-family: 'Arial','sans-serif'; color: #333333;\">Objetivos:<\/span><\/strong><\/p>\n<p style=\"text-align: justify;\"><span style=\"font-family: 'Arial','sans-serif'; color: #333333;\">1.Lograr lazos de uni\u00f3n con el egresado para mantener y reforzar su vinculaci\u00f3n con la instituci\u00f3n en pro de realizar el seguimiento para obtener cifras del impacto en su proyecto de vida y los diferentes escenarios laborales donde se desempe\u00f1en.<\/span><\/p>\n<p style=\"text-align: justify;\"><span style=\"font-family: 'Arial','sans-serif'; color: #333333;\">2.Promover la continuidad del proceso de formaci\u00f3n de los Egresados mediante programas de Educaci\u00f3n Continua como diplomados, cursos, seminarios, talleres y eventos que les ayuden a la actualizaci\u00f3n y\u00a0profundizaci\u00f3n de sus conocimientos, proyecci\u00f3n personal y profesional para enfrentar efectivamente las exigencias del mundo laboral.<\/span><\/p>\n<p align=\"center\"><strong><span style=\"font-family: 'Arial','sans-serif'; color: #333333;\">Cont\u00e1ctenos<br \/>\n<\/span><\/strong><\/p>\n<p align=\"center\"><span style=\"font-family: Arial, sans-serif;\"><b>Gesti\u00f3n<\/b><\/span><strong><span style=\"font-family: 'Arial','sans-serif'; color: #333333;\">\u00a0de a Comunidad\u00a0<\/span><\/strong><br \/>\n<strong><span style=\"font-family: 'Arial','sans-serif'; color: #333333;\">CUA<\/span><\/strong><span style=\"font-family: 'Arial','sans-serif'; color: #333333;\">, Sede Principal.<br \/>\n<span style=\"font-family: 'Arial','sans-serif'; color: #333333;\">Tel\u00e9fono: +57(2) 6836060\u00a0extensi\u00f3n\u00a0109<\/span><\/span><\/p>\n<p align=\"center\"><span style=\"font-family: 'Arial','sans-serif'; color: #333333;\">Correo electr\u00f3nico: <strong><span style=\"color: #0000ff;\">gcomunidad<a style=\"color: #0000ff;\" href=\"mailto:egresados@cesde.edu.co\">@c<\/a>ua.edu.co<\/span><\/strong><br \/>\n<span style=\"font-family: 'Arial','sans-serif'; color: #333333;\">Actualice sus datos<\/span><\/span><\/p>\n<p align=\"center\"><strong><span style=\"font-family: 'Arial','sans-serif'; color: #333333;\">Horario de atenci\u00f3n<\/span><\/strong><br \/>\n<span style=\"font-family: 'Arial','sans-serif'; color: #333333;\">Lunes a viernes de 8:00 a.m. a 12:00 m. y de 2:00 a 6:00 p.m.<\/span><\/p>\n<p>&nbsp;<\/p>\n","protected":false},"excerpt":{"rendered":"<p>&nbsp; Gesti\u00f3n de la Comunidad\u00a0, es el proceso\u00a0encargado de realizar la actualizaci\u00f3n, recolecci\u00f3n de hojas de vida, y publicaci\u00f3n de vacantes para nuestros egresados;\u00a0que tiene como objetivo fomentar el desarrollo personal y laboral de los Egresados para mejorar su calidad laboral, como factor de crecimiento productivo de nuestro pa\u00eds, basados en nuestra pol\u00edtica de calidad. [&hellip;]<\/p>\n","protected":false},"author":1,"featured_media":0,"parent":0,"menu_order":0,"comment_status":"open","ping_status":"closed","template":"","meta":{"_joinchat":[]},"yoast_head":"<!-- This site is optimized with the Yoast SEO plugin v20.3 - https:\/\/yoast.com\/wordpress\/plugins\/seo\/ -->\n<title>Egresados - CUA<\/title>\n<meta name=\"robots\" content=\"index, follow, max-snippet:-1, max-image-preview:large, max-video-preview:-1\" \/>\n<link rel=\"canonical\" href=\"https:\/\/cua.edu.co\/web3\/centro-del-egresado\/\" \/>\n<meta property=\"og:locale\" content=\"es_ES\" \/>\n<meta property=\"og:type\" content=\"article\" \/>\n<meta property=\"og:title\" content=\"Egresados - CUA\" \/>\n<meta property=\"og:description\" content=\"&nbsp; Gesti\u00f3n de la Comunidad\u00a0, es el proceso\u00a0encargado de realizar la actualizaci\u00f3n, recolecci\u00f3n de hojas de vida, y publicaci\u00f3n de vacantes para nuestros egresados;\u00a0que tiene como objetivo fomentar el desarrollo personal y laboral de los Egresados para mejorar su calidad laboral, como factor de crecimiento productivo de nuestro pa\u00eds, basados en nuestra pol\u00edtica de calidad. [&hellip;]\" \/>\n<meta property=\"og:url\" content=\"https:\/\/cua.edu.co\/web3\/centro-del-egresado\/\" \/>\n<meta property=\"og:site_name\" content=\"CUA\" \/>\n<meta property=\"article:modified_time\" content=\"2015-07-01T19:51:45+00:00\" \/>\n<meta property=\"og:image\" content=\"http:\/\/www.cua.edu.co\/web3\/wp-content\/uploads\/2015\/06\/IMG_9613-1024x683.jpg\" \/>\n<meta name=\"twitter:card\" content=\"summary_large_image\" \/>\n<meta name=\"twitter:label1\" content=\"Tiempo de lectura\" \/>\n\t<meta name=\"twitter:data1\" content=\"1 minuto\" \/>\n<script type=\"application\/ld+json\" class=\"yoast-schema-graph\">{\"@context\":\"https:\/\/schema.org\",\"@graph\":[{\"@type\":\"WebPage\",\"@id\":\"https:\/\/cua.edu.co\/web3\/centro-del-egresado\/\",\"url\":\"https:\/\/cua.edu.co\/web3\/centro-del-egresado\/\",\"name\":\"Egresados - CUA\",\"isPartOf\":{\"@id\":\"https:\/\/cua.edu.co\/web3\/#website\"},\"datePublished\":\"2015-06-25T23:58:14+00:00\",\"dateModified\":\"2015-07-01T19:51:45+00:00\",\"breadcrumb\":{\"@id\":\"https:\/\/cua.edu.co\/web3\/centro-del-egresado\/#breadcrumb\"},\"inLanguage\":\"es\",\"potentialAction\":[{\"@type\":\"ReadAction\",\"target\":[\"https:\/\/cua.edu.co\/web3\/centro-del-egresado\/\"]}]},{\"@type\":\"BreadcrumbList\",\"@id\":\"https:\/\/cua.edu.co\/web3\/centro-del-egresado\/#breadcrumb\",\"itemListElement\":[{\"@type\":\"ListItem\",\"position\":1,\"name\":\"Portada\",\"item\":\"https:\/\/cua.edu.co\/web3\/\"},{\"@type\":\"ListItem\",\"position\":2,\"name\":\"Egresados\"}]},{\"@type\":\"WebSite\",\"@id\":\"https:\/\/cua.edu.co\/web3\/#website\",\"url\":\"https:\/\/cua.edu.co\/web3\/\",\"name\":\"CUA\",\"description\":\"\",\"potentialAction\":[{\"@type\":\"SearchAction\",\"target\":{\"@type\":\"EntryPoint\",\"urlTemplate\":\"https:\/\/cua.edu.co\/web3\/?s={search_term_string}\"},\"query-input\":\"required name=search_term_string\"}],\"inLanguage\":\"es\"}]}<\/script>\n<!-- \/ Yoast SEO plugin. -->","yoast_head_json":{"title":"Egresados - CUA","robots":{"index":"index","follow":"follow","max-snippet":"max-snippet:-1","max-image-preview":"max-image-preview:large","max-video-preview":"max-video-preview:-1"},"canonical":"https:\/\/cua.edu.co\/web3\/centro-del-egresado\/","og_locale":"es_ES","og_type":"article","og_title":"Egresados - CUA","og_description":"&nbsp; Gesti\u00f3n de la Comunidad\u00a0, es el proceso\u00a0encargado de realizar la actualizaci\u00f3n, recolecci\u00f3n de hojas de vida, y publicaci\u00f3n de vacantes para nuestros egresados;\u00a0que tiene como objetivo fomentar el desarrollo personal y laboral de los Egresados para mejorar su calidad laboral, como factor de crecimiento productivo de nuestro pa\u00eds, basados en nuestra pol\u00edtica de calidad. [&hellip;]","og_url":"https:\/\/cua.edu.co\/web3\/centro-del-egresado\/","og_site_name":"CUA","article_modified_time":"2015-07-01T19:51:45+00:00","og_image":[{"url":"http:\/\/www.cua.edu.co\/web3\/wp-content\/uploads\/2015\/06\/IMG_9613-1024x683.jpg"}],"twitter_card":"summary_large_image","twitter_misc":{"Tiempo de lectura":"1 minuto"},"schema":{"@context":"https:\/\/schema.org","@graph":[{"@type":"WebPage","@id":"https:\/\/cua.edu.co\/web3\/centro-del-egresado\/","url":"https:\/\/cua.edu.co\/web3\/centro-del-egresado\/","name":"Egresados - CUA","isPartOf":{"@id":"https:\/\/cua.edu.co\/web3\/#website"},"datePublished":"2015-06-25T23:58:14+00:00","dateModified":"2015-07-01T19:51:45+00:00","breadcrumb":{"@id":"https:\/\/cua.edu.co\/web3\/centro-del-egresado\/#breadcrumb"},"inLanguage":"es","potentialAction":[{"@type":"ReadAction","target":["https:\/\/cua.edu.co\/web3\/centro-del-egresado\/"]}]},{"@type":"BreadcrumbList","@id":"https:\/\/cua.edu.co\/web3\/centro-del-egresado\/#breadcrumb","itemListElement":[{"@type":"ListItem","position":1,"name":"Portada","item":"https:\/\/cua.edu.co\/web3\/"},{"@type":"ListItem","position":2,"name":"Egresados"}]},{"@type":"WebSite","@id":"https:\/\/cua.edu.co\/web3\/#website","url":"https:\/\/cua.edu.co\/web3\/","name":"CUA","description":"","potentialAction":[{"@type":"SearchAction","target":{"@type":"EntryPoint","urlTemplate":"https:\/\/cua.edu.co\/web3\/?s={search_term_string}"},"query-input":"required name=search_term_string"}],"inLanguage":"es"}]}},"_links":{"self":[{"href":"https:\/\/cua.edu.co\/web3\/wp-json\/wp\/v2\/pages\/7491"}],"collection":[{"href":"https:\/\/cua.edu.co\/web3\/wp-json\/wp\/v2\/pages"}],"about":[{"href":"https:\/\/cua.edu.co\/web3\/wp-json\/wp\/v2\/types\/page"}],"author":[{"embeddable":true,"href":"https:\/\/cua.edu.co\/web3\/wp-json\/wp\/v2\/users\/1"}],"replies":[{"embeddable":true,"href":"https:\/\/cua.edu.co\/web3\/wp-json\/wp\/v2\/comments?post=7491"}],"version-history":[{"count":9,"href":"https:\/\/cua.edu.co\/web3\/wp-json\/wp\/v2\/pages\/7491\/revisions"}],"predecessor-version":[{"id":7534,"href":"https:\/\/cua.edu.co\/web3\/wp-json\/wp\/v2\/pages\/7491\/revisions\/7534"}],"wp:attachment":[{"href":"https:\/\/cua.edu.co\/web3\/wp-json\/wp\/v2\/media?parent=7491"}],"curies":[{"name":"wp","href":"https:\/\/api.w.org\/{rel}","templated":true}]}}