{"id":7487,"date":"2015-06-25T22:33:58","date_gmt":"2015-06-25T22:33:58","guid":{"rendered":"http:\/\/www.cua.edu.co\/web3\/?page_id=7487"},"modified":"2021-03-30T20:17:50","modified_gmt":"2021-03-31T01:17:50","slug":"la-institucion","status":"publish","type":"page","link":"https:\/\/cua.edu.co\/web3\/la-institucion\/","title":{"rendered":"La Instituci\u00f3n"},"content":{"rendered":"[vc_row][vc_column][vc_column_text]\n<p style=\"text-align: justify; line-height: 18.0pt;\"><span style=\"font-family: 'Arial','sans-serif'; color: #333333;\"><strong> La Corporaci\u00f3n Universal de los Andes<\/strong>, es una instituci\u00f3n educativa para el trabajo y el desarrollo humano, la cual cuenta con programas t\u00e9cnicos laborales y formaci\u00f3n continua, licencia de funcionamiento otorgada por la Secretaria de Educaci\u00f3n Municipal de Santiago de Cali mediante la resoluci\u00f3n N\u00b0\u00a0<strong>4143.0.21.8771<\/strong> \u00a0del a\u00f1o 2014.<\/span><\/p>\n<p style=\"text-align: justify; line-height: 18.0pt;\"><span style=\"font-family: 'Arial','sans-serif'; color: #333333;\">La oferta acad\u00e9mica comprende 4 divisiones (Ciencias administrativas, Comunicaci\u00f3n y Expresi\u00f3n, Ciencias Inform\u00e1ticas y Gastronom\u00eda)\u00a0mediante los cuales la instituci\u00f3n\u00a0se proyecta hacia la sociedad\u00a0con el compromiso de la calidad educativa en la formaci\u00f3n integral de sus estudiantes desde el ser, el saber, el hacer y el servir.<\/span><\/p>\n<p style=\"text-align: justify; line-height: 18.0pt;\"><span style=\"font-family: 'Arial','sans-serif'; color: #333333;\">La instituci\u00f3n cuenta certificaci\u00f3n de calidad que avala su compromiso con la mejora continua de sus procesos formativos y administrativos:<\/span><\/p>\n<p style=\"text-align: justify; line-height: 18.0pt;\"><span style=\"font-family: 'Arial','sans-serif'; color: #333333;\"><strong><strong>ISO 9001:<\/strong>\u00a0Certificaci\u00f3n del Sistema de Gesti\u00f3n de Calidad con alcance a los programas t\u00e9cnicos laborales<\/strong><\/span><\/p>\n<p style=\"text-align: justify; line-height: 18.0pt;\"><span style=\"font-family: 'Arial','sans-serif'; color: #333333;\"><strong><strong>NTC-5555:<\/strong>\u00a0Certificaci\u00f3n de Calidad como Instituci\u00f3n de Educaci\u00f3n Para el Trabajo y el Desarrollo Humano<\/strong><\/span><\/p>\n<p style=\"text-align: justify; line-height: 18.0pt;\"><span style=\"font-family: 'Arial','sans-serif'; color: #333333;\"><strong><strong>NTC-5581:<\/strong>\u00a0Certificaci\u00f3n de Calidad de los Programas T\u00e9cnicos Laborales<\/strong><\/span><\/p>\n<p style=\"text-align: justify; line-height: 18.0pt;\"><span style=\"font-family: 'Arial','sans-serif'; color: #333333;\">La Corporaci\u00f3n Universal de los Andes Educaci\u00f3n con Calidad Superior !!!<\/span><\/p>\n[\/vc_column_text][vc_column_text]<a href=\"http:\/\/www.cua.edu.co\/web3\/?page_id=1422\">Pol\u00edtica\u00a0Institucional\u00a0<\/a><\/p>\n<p style=\"text-align: justify; line-height: 18.0pt;\"><span style=\"font-family: 'Arial','sans-serif'; color: #333333;\"><a href=\"http:\/\/www.cua.edu.co\/web3\/wp-content\/uploads\/2015\/06\/Resolucion-4143.0.21.8771-Licencia-de-Funcionamiento.pdf\">Resolucion 4143.0.21.8771 Licencia de Funcionamiento<\/a><\/span><\/p>\n<p style=\"text-align: justify; line-height: 18.0pt;\"><a href=\"https:\/\/cua.edu.co\/web3\/wp-content\/uploads\/2021\/03\/DI-D-01-MANUAL-DE-CONVIVENCIA.pdf\"><span style=\"font-family: 'Arial','sans-serif'; color: #333333;\">Manual de Convivencia<\/span><\/a><\/p>\n[\/vc_column_text][\/vc_column][\/vc_row][vc_row][vc_column][vc_column_text]\n[\/vc_column_text][\/vc_column][\/vc_row]\n","protected":false},"excerpt":{"rendered":"<p>[vc_row][vc_column][vc_column_text] La Corporaci\u00f3n Universal de los Andes, es una instituci\u00f3n educativa para el trabajo y el desarrollo humano, la cual cuenta con programas t\u00e9cnicos laborales y formaci\u00f3n continua, licencia de funcionamiento otorgada por la Secretaria de Educaci\u00f3n Municipal de Santiago de Cali mediante la resoluci\u00f3n N\u00b0\u00a04143.0.21.8771 \u00a0del a\u00f1o 2014. La oferta acad\u00e9mica comprende 4 divisiones [&hellip;]<\/p>\n","protected":false},"author":1,"featured_media":0,"parent":0,"menu_order":0,"comment_status":"open","ping_status":"closed","template":"","meta":{"_joinchat":[]},"yoast_head":"<!-- This site is optimized with the Yoast SEO plugin v20.3 - https:\/\/yoast.com\/wordpress\/plugins\/seo\/ -->\n<title>La Instituci\u00f3n - CUA<\/title>\n<meta name=\"robots\" content=\"index, follow, max-snippet:-1, max-image-preview:large, max-video-preview:-1\" \/>\n<link rel=\"canonical\" href=\"https:\/\/cua.edu.co\/web3\/la-institucion\/\" \/>\n<meta property=\"og:locale\" content=\"es_ES\" \/>\n<meta property=\"og:type\" content=\"article\" \/>\n<meta property=\"og:title\" content=\"La Instituci\u00f3n - CUA\" \/>\n<meta property=\"og:description\" content=\"[vc_row][vc_column][vc_column_text] La Corporaci\u00f3n Universal de los Andes, es una instituci\u00f3n educativa para el trabajo y el desarrollo humano, la cual cuenta con programas t\u00e9cnicos laborales y formaci\u00f3n continua, licencia de funcionamiento otorgada por la Secretaria de Educaci\u00f3n Municipal de Santiago de Cali mediante la resoluci\u00f3n N\u00b0\u00a04143.0.21.8771 \u00a0del a\u00f1o 2014. La oferta acad\u00e9mica comprende 4 divisiones [&hellip;]\" \/>\n<meta property=\"og:url\" content=\"https:\/\/cua.edu.co\/web3\/la-institucion\/\" \/>\n<meta property=\"og:site_name\" content=\"CUA\" \/>\n<meta property=\"article:modified_time\" content=\"2021-03-31T01:17:50+00:00\" \/>\n<meta name=\"twitter:card\" content=\"summary_large_image\" \/>\n<meta name=\"twitter:label1\" content=\"Tiempo de lectura\" \/>\n\t<meta name=\"twitter:data1\" content=\"1 minuto\" \/>\n<script type=\"application\/ld+json\" class=\"yoast-schema-graph\">{\"@context\":\"https:\/\/schema.org\",\"@graph\":[{\"@type\":\"WebPage\",\"@id\":\"https:\/\/cua.edu.co\/web3\/la-institucion\/\",\"url\":\"https:\/\/cua.edu.co\/web3\/la-institucion\/\",\"name\":\"La Instituci\u00f3n - CUA\",\"isPartOf\":{\"@id\":\"https:\/\/cua.edu.co\/web3\/#website\"},\"datePublished\":\"2015-06-25T22:33:58+00:00\",\"dateModified\":\"2021-03-31T01:17:50+00:00\",\"breadcrumb\":{\"@id\":\"https:\/\/cua.edu.co\/web3\/la-institucion\/#breadcrumb\"},\"inLanguage\":\"es\",\"potentialAction\":[{\"@type\":\"ReadAction\",\"target\":[\"https:\/\/cua.edu.co\/web3\/la-institucion\/\"]}]},{\"@type\":\"BreadcrumbList\",\"@id\":\"https:\/\/cua.edu.co\/web3\/la-institucion\/#breadcrumb\",\"itemListElement\":[{\"@type\":\"ListItem\",\"position\":1,\"name\":\"Portada\",\"item\":\"https:\/\/cua.edu.co\/web3\/\"},{\"@type\":\"ListItem\",\"position\":2,\"name\":\"La Instituci\u00f3n\"}]},{\"@type\":\"WebSite\",\"@id\":\"https:\/\/cua.edu.co\/web3\/#website\",\"url\":\"https:\/\/cua.edu.co\/web3\/\",\"name\":\"CUA\",\"description\":\"\",\"potentialAction\":[{\"@type\":\"SearchAction\",\"target\":{\"@type\":\"EntryPoint\",\"urlTemplate\":\"https:\/\/cua.edu.co\/web3\/?s={search_term_string}\"},\"query-input\":\"required name=search_term_string\"}],\"inLanguage\":\"es\"}]}<\/script>\n<!-- \/ Yoast SEO plugin. -->","yoast_head_json":{"title":"La Instituci\u00f3n - CUA","robots":{"index":"index","follow":"follow","max-snippet":"max-snippet:-1","max-image-preview":"max-image-preview:large","max-video-preview":"max-video-preview:-1"},"canonical":"https:\/\/cua.edu.co\/web3\/la-institucion\/","og_locale":"es_ES","og_type":"article","og_title":"La Instituci\u00f3n - CUA","og_description":"[vc_row][vc_column][vc_column_text] La Corporaci\u00f3n Universal de los Andes, es una instituci\u00f3n educativa para el trabajo y el desarrollo humano, la cual cuenta con programas t\u00e9cnicos laborales y formaci\u00f3n continua, licencia de funcionamiento otorgada por la Secretaria de Educaci\u00f3n Municipal de Santiago de Cali mediante la resoluci\u00f3n N\u00b0\u00a04143.0.21.8771 \u00a0del a\u00f1o 2014. La oferta acad\u00e9mica comprende 4 divisiones [&hellip;]","og_url":"https:\/\/cua.edu.co\/web3\/la-institucion\/","og_site_name":"CUA","article_modified_time":"2021-03-31T01:17:50+00:00","twitter_card":"summary_large_image","twitter_misc":{"Tiempo de lectura":"1 minuto"},"schema":{"@context":"https:\/\/schema.org","@graph":[{"@type":"WebPage","@id":"https:\/\/cua.edu.co\/web3\/la-institucion\/","url":"https:\/\/cua.edu.co\/web3\/la-institucion\/","name":"La Instituci\u00f3n - CUA","isPartOf":{"@id":"https:\/\/cua.edu.co\/web3\/#website"},"datePublished":"2015-06-25T22:33:58+00:00","dateModified":"2021-03-31T01:17:50+00:00","breadcrumb":{"@id":"https:\/\/cua.edu.co\/web3\/la-institucion\/#breadcrumb"},"inLanguage":"es","potentialAction":[{"@type":"ReadAction","target":["https:\/\/cua.edu.co\/web3\/la-institucion\/"]}]},{"@type":"BreadcrumbList","@id":"https:\/\/cua.edu.co\/web3\/la-institucion\/#breadcrumb","itemListElement":[{"@type":"ListItem","position":1,"name":"Portada","item":"https:\/\/cua.edu.co\/web3\/"},{"@type":"ListItem","position":2,"name":"La Instituci\u00f3n"}]},{"@type":"WebSite","@id":"https:\/\/cua.edu.co\/web3\/#website","url":"https:\/\/cua.edu.co\/web3\/","name":"CUA","description":"","potentialAction":[{"@type":"SearchAction","target":{"@type":"EntryPoint","urlTemplate":"https:\/\/cua.edu.co\/web3\/?s={search_term_string}"},"query-input":"required name=search_term_string"}],"inLanguage":"es"}]}},"_links":{"self":[{"href":"https:\/\/cua.edu.co\/web3\/wp-json\/wp\/v2\/pages\/7487"}],"collection":[{"href":"https:\/\/cua.edu.co\/web3\/wp-json\/wp\/v2\/pages"}],"about":[{"href":"https:\/\/cua.edu.co\/web3\/wp-json\/wp\/v2\/types\/page"}],"author":[{"embeddable":true,"href":"https:\/\/cua.edu.co\/web3\/wp-json\/wp\/v2\/users\/1"}],"replies":[{"embeddable":true,"href":"https:\/\/cua.edu.co\/web3\/wp-json\/wp\/v2\/comments?post=7487"}],"version-history":[{"count":19,"href":"https:\/\/cua.edu.co\/web3\/wp-json\/wp\/v2\/pages\/7487\/revisions"}],"predecessor-version":[{"id":8359,"href":"https:\/\/cua.edu.co\/web3\/wp-json\/wp\/v2\/pages\/7487\/revisions\/8359"}],"wp:attachment":[{"href":"https:\/\/cua.edu.co\/web3\/wp-json\/wp\/v2\/media?parent=7487"}],"curies":[{"name":"wp","href":"https:\/\/api.w.org\/{rel}","templated":true}]}}