{"id":6939,"date":"2015-06-05T00:05:46","date_gmt":"2015-06-05T00:05:46","guid":{"rendered":"http:\/\/www.cua.edu.co\/web3\/?page_id=6939"},"modified":"2018-01-26T11:08:25","modified_gmt":"2018-01-26T16:08:25","slug":"asistente-de-sistemas","status":"publish","type":"page","link":"https:\/\/cua.edu.co\/web3\/pages\/ciencias-informaticas\/asistente-de-sistemas\/","title":{"rendered":"Auxiliar en Sistemas Informaticos"},"content":{"rendered":"[vc_row][vc_column]<div id=\"ultimate-heading-13706a079924c3b6d\" class=\"uvc-heading ult-adjust-bottom-margin ultimate-heading-13706a079924c3b6d uvc-5565 \" data-hspacer=\"no_spacer\"  data-halign=\"center\" style=\"text-align:center\"><div class=\"uvc-heading-spacer no_spacer\" style=\"top\"><\/div><div class=\"uvc-sub-heading ult-responsive\"  data-ultimate-target='.uvc-heading.ultimate-heading-13706a079924c3b6d .uvc-sub-heading '  data-responsive-json-new='{\"font-size\":\"\",\"line-height\":\"\"}'  style=\"font-weight:normal;\"><img decoding=\"async\" loading=\"lazy\" class=\"alignnone size-full wp-image-8161\" src=\"data:image\/gif;base64,R0lGODdhAQABAPAAAP\/\/\/wAAACwAAAAAAQABAEACAkQBADs=\" data-lazy-src=\"http:\/\/www.cua.edu.co\/web3\/wp-content\/uploads\/2016\/06\/sistemas.png\" alt=\"sistemas\" width=\"1356\" height=\"354\" data-lazy-srcset=\"https:\/\/cua.edu.co\/web3\/wp-content\/uploads\/2016\/06\/sistemas-200x52.png 200w, https:\/\/cua.edu.co\/web3\/wp-content\/uploads\/2016\/06\/sistemas-400x104.png 400w, https:\/\/cua.edu.co\/web3\/wp-content\/uploads\/2016\/06\/sistemas-600x157.png 600w, https:\/\/cua.edu.co\/web3\/wp-content\/uploads\/2016\/06\/sistemas-800x209.png 800w, https:\/\/cua.edu.co\/web3\/wp-content\/uploads\/2016\/06\/sistemas-1200x313.png 1200w, https:\/\/cua.edu.co\/web3\/wp-content\/uploads\/2016\/06\/sistemas.png 1356w\" data-lazy-sizes=\"(max-width: 1356px) 100vw, 1356px\" \/><noscript><img decoding=\"async\" loading=\"lazy\" class=\"alignnone size-full wp-image-8161\" src=\"http:\/\/www.cua.edu.co\/web3\/wp-content\/uploads\/2016\/06\/sistemas.png\" alt=\"sistemas\" width=\"1356\" height=\"354\" srcset=\"https:\/\/cua.edu.co\/web3\/wp-content\/uploads\/2016\/06\/sistemas-200x52.png 200w, https:\/\/cua.edu.co\/web3\/wp-content\/uploads\/2016\/06\/sistemas-400x104.png 400w, https:\/\/cua.edu.co\/web3\/wp-content\/uploads\/2016\/06\/sistemas-600x157.png 600w, https:\/\/cua.edu.co\/web3\/wp-content\/uploads\/2016\/06\/sistemas-800x209.png 800w, https:\/\/cua.edu.co\/web3\/wp-content\/uploads\/2016\/06\/sistemas-1200x313.png 1200w, https:\/\/cua.edu.co\/web3\/wp-content\/uploads\/2016\/06\/sistemas.png 1356w\" sizes=\"(max-width: 1356px) 100vw, 1356px\" \/><\/noscript><\/div><\/div>[\/vc_column][\/vc_row][vc_row][vc_column width=\u00bb1\/2&#8243;][vc_empty_space][vc_column_text]<strong><span style=\"font-family: 'Arial','sans-serif'; color: #333333;\">Duraci\u00f3n :<\/span><\/strong><span style=\"font-family: 'Arial','sans-serif'; color: #333333;\">18 meses ( 3 niveles )<\/span><\/p>\n<p><strong><span style=\"font-family: 'Arial','sans-serif'; color: #333333;\">Certificado que otorga :<\/span><\/strong><span style=\"font-family: 'Arial','sans-serif'; color: #333333;\"> Certificado de Aptitud Ocupacional de T\u00e9cnico Laboral por Competencias en Auxiliar en\u00a0Sistemas Inform\u00e1ticos<\/span><\/p>\n<p style=\"text-align: justify;\"><strong><span style=\"font-family: 'Arial','sans-serif'; color: #333333;\">Perfil Ocupacional :<strong><span style=\"font-family: 'Arial','sans-serif'; color: #333333;\">\u00a0<\/span><\/strong><\/span><\/strong><span style=\"font-family: 'Arial','sans-serif'; color: #333333;\"><span style=\"font-family: 'Arial','sans-serif'; color: #333333;\">Se desempe\u00f1a en actividades productivas relacionadas con el ensamblaje, mantenimiento, actualizaci\u00f3n, instalaci\u00f3n y configuraci\u00f3n de computadores, mantenimiento correctivo y preventivo de Software y Hardware y dise\u00f1o de paginas web.<\/span><\/span><\/p>\n<ul>\n<li><span style=\"font-family: 'Arial','sans-serif'; color: #333333;\"><span style=\"font-family: 'Arial','sans-serif'; color: #333333;\">ASISTENTE DE PROGRAMACI\u00d3N DE COMPUTADORAS<\/span><\/span><\/li>\n<li><span style=\"font-family: 'Arial','sans-serif'; color: #333333;\">ASISTENTE EN DESARROLLO DE SOFTWARE<\/span><\/li>\n<li><span style=\"font-family: 'Arial','sans-serif'; color: #333333;\">ASISTENTE DE IMPLEMENTACION DE SISTEMAS INFORM\u00c1TICOS<\/span><\/li>\n<li><span style=\"font-family: 'Arial','sans-serif'; color: #333333;\">ASISTENTE DE APLICACIONES EN REDES DE COMPUTO<\/span><\/li>\n<li><span style=\"font-family: 'Arial','sans-serif'; color: #333333;\">REALIZAR DIAGN\u00d3STICOS Y SOLUCIONAR FALLAS EN SISTEMAS\u00a0<span style=\"font-family: Arial, sans-serif; line-height: 1.5;\">INFORM\u00c1TICOS<\/span><\/span><\/li>\n<\/ul>\n<p>&nbsp;<\/p>\n<p><strong><span style=\"font-family: 'Arial','sans-serif'; color: #333333;\">Pensum Acad\u00e9mico :<\/span><\/strong><\/p>\n<p><img decoding=\"async\" loading=\"lazy\" class=\"alignnone size-full wp-image-8317\" src=\"data:image\/gif;base64,R0lGODdhAQABAPAAAP\/\/\/wAAACwAAAAAAQABAEACAkQBADs=\" data-lazy-src=\"http:\/\/www.cua.edu.co\/web3\/wp-content\/uploads\/2018\/01\/plantilla-sistemas-informaticos.jpg\" alt=\"plantilla sistemas informaticos\" width=\"664\" height=\"289\" data-lazy-srcset=\"https:\/\/cua.edu.co\/web3\/wp-content\/uploads\/2018\/01\/plantilla-sistemas-informaticos-200x87.jpg 200w, https:\/\/cua.edu.co\/web3\/wp-content\/uploads\/2018\/01\/plantilla-sistemas-informaticos-400x174.jpg 400w, https:\/\/cua.edu.co\/web3\/wp-content\/uploads\/2018\/01\/plantilla-sistemas-informaticos-600x261.jpg 600w, https:\/\/cua.edu.co\/web3\/wp-content\/uploads\/2018\/01\/plantilla-sistemas-informaticos.jpg 664w\" data-lazy-sizes=\"(max-width: 664px) 100vw, 664px\" \/><noscript><img decoding=\"async\" loading=\"lazy\" class=\"alignnone size-full wp-image-8317\" src=\"http:\/\/www.cua.edu.co\/web3\/wp-content\/uploads\/2018\/01\/plantilla-sistemas-informaticos.jpg\" alt=\"plantilla sistemas informaticos\" width=\"664\" height=\"289\" srcset=\"https:\/\/cua.edu.co\/web3\/wp-content\/uploads\/2018\/01\/plantilla-sistemas-informaticos-200x87.jpg 200w, https:\/\/cua.edu.co\/web3\/wp-content\/uploads\/2018\/01\/plantilla-sistemas-informaticos-400x174.jpg 400w, https:\/\/cua.edu.co\/web3\/wp-content\/uploads\/2018\/01\/plantilla-sistemas-informaticos-600x261.jpg 600w, https:\/\/cua.edu.co\/web3\/wp-content\/uploads\/2018\/01\/plantilla-sistemas-informaticos.jpg 664w\" sizes=\"(max-width: 664px) 100vw, 664px\" \/><\/noscript>[\/vc_column_text][\/vc_column][vc_column width=\u00bb1\/2&#8243;][vc_empty_space][vc_video link=\u00bbhttps:\/\/youtu.be\/UROURRgWwXg\u00bb][vc_widget_sidebar sidebar_id=\u00bbcs-2&#8243;][\/vc_column][\/vc_row]\n","protected":false},"excerpt":{"rendered":"<p>[vc_row][vc_column][\/vc_column][\/vc_row][vc_row][vc_column width=\u00bb1\/2&#8243;][vc_empty_space][vc_column_text]Duraci\u00f3n :18 meses ( 3 niveles ) Certificado que otorga : Certificado de Aptitud Ocupacional de T\u00e9cnico Laboral por Competencias en Auxiliar en\u00a0Sistemas Inform\u00e1ticos Perfil Ocupacional :\u00a0Se desempe\u00f1a en actividades productivas relacionadas con el ensamblaje, mantenimiento, actualizaci\u00f3n, instalaci\u00f3n y configuraci\u00f3n de computadores, mantenimiento correctivo y preventivo de Software y Hardware y dise\u00f1o de paginas [&hellip;]<\/p>\n","protected":false},"author":1,"featured_media":0,"parent":6937,"menu_order":1,"comment_status":"open","ping_status":"closed","template":"","meta":{"_joinchat":[]},"yoast_head":"<!-- This site is optimized with the Yoast SEO plugin v20.3 - https:\/\/yoast.com\/wordpress\/plugins\/seo\/ -->\n<title>Auxiliar en Sistemas Informaticos - CUA<\/title>\n<meta name=\"robots\" content=\"index, follow, max-snippet:-1, max-image-preview:large, max-video-preview:-1\" \/>\n<link rel=\"canonical\" href=\"https:\/\/cua.edu.co\/web3\/pages\/ciencias-informaticas\/asistente-de-sistemas\/\" \/>\n<meta property=\"og:locale\" content=\"es_ES\" \/>\n<meta property=\"og:type\" content=\"article\" \/>\n<meta property=\"og:title\" content=\"Auxiliar en Sistemas Informaticos - CUA\" \/>\n<meta property=\"og:description\" content=\"[vc_row][vc_column][\/vc_column][\/vc_row][vc_row][vc_column width=\u00bb1\/2&#8243;][vc_empty_space][vc_column_text]Duraci\u00f3n :18 meses ( 3 niveles ) Certificado que otorga : Certificado de Aptitud Ocupacional de T\u00e9cnico Laboral por Competencias en Auxiliar en\u00a0Sistemas Inform\u00e1ticos Perfil Ocupacional :\u00a0Se desempe\u00f1a en actividades productivas relacionadas con el ensamblaje, mantenimiento, actualizaci\u00f3n, instalaci\u00f3n y configuraci\u00f3n de computadores, mantenimiento correctivo y preventivo de Software y Hardware y dise\u00f1o de paginas [&hellip;]\" \/>\n<meta property=\"og:url\" content=\"https:\/\/cua.edu.co\/web3\/pages\/ciencias-informaticas\/asistente-de-sistemas\/\" \/>\n<meta property=\"og:site_name\" content=\"CUA\" \/>\n<meta property=\"article:modified_time\" content=\"2018-01-26T16:08:25+00:00\" \/>\n<meta property=\"og:image\" content=\"http:\/\/www.cua.edu.co\/web3\/wp-content\/uploads\/2016\/06\/sistemas.png\" \/>\n<meta name=\"twitter:card\" content=\"summary_large_image\" \/>\n<meta name=\"twitter:label1\" content=\"Tiempo de lectura\" \/>\n\t<meta name=\"twitter:data1\" content=\"1 minuto\" \/>\n<script type=\"application\/ld+json\" class=\"yoast-schema-graph\">{\"@context\":\"https:\/\/schema.org\",\"@graph\":[{\"@type\":\"WebPage\",\"@id\":\"https:\/\/cua.edu.co\/web3\/pages\/ciencias-informaticas\/asistente-de-sistemas\/\",\"url\":\"https:\/\/cua.edu.co\/web3\/pages\/ciencias-informaticas\/asistente-de-sistemas\/\",\"name\":\"Auxiliar en Sistemas Informaticos - CUA\",\"isPartOf\":{\"@id\":\"https:\/\/cua.edu.co\/web3\/#website\"},\"datePublished\":\"2015-06-05T00:05:46+00:00\",\"dateModified\":\"2018-01-26T16:08:25+00:00\",\"breadcrumb\":{\"@id\":\"https:\/\/cua.edu.co\/web3\/pages\/ciencias-informaticas\/asistente-de-sistemas\/#breadcrumb\"},\"inLanguage\":\"es\",\"potentialAction\":[{\"@type\":\"ReadAction\",\"target\":[\"https:\/\/cua.edu.co\/web3\/pages\/ciencias-informaticas\/asistente-de-sistemas\/\"]}]},{\"@type\":\"BreadcrumbList\",\"@id\":\"https:\/\/cua.edu.co\/web3\/pages\/ciencias-informaticas\/asistente-de-sistemas\/#breadcrumb\",\"itemListElement\":[{\"@type\":\"ListItem\",\"position\":1,\"name\":\"Portada\",\"item\":\"https:\/\/cua.edu.co\/web3\/\"},{\"@type\":\"ListItem\",\"position\":2,\"name\":\"Programas\",\"item\":\"https:\/\/cua.edu.co\/web3\/pages\/\"},{\"@type\":\"ListItem\",\"position\":3,\"name\":\"Herramientas Tecnol\u00f3gicas\",\"item\":\"https:\/\/cua.edu.co\/web3\/pages\/ciencias-informaticas\/\"},{\"@type\":\"ListItem\",\"position\":4,\"name\":\"Auxiliar en Sistemas Informaticos\"}]},{\"@type\":\"WebSite\",\"@id\":\"https:\/\/cua.edu.co\/web3\/#website\",\"url\":\"https:\/\/cua.edu.co\/web3\/\",\"name\":\"CUA\",\"description\":\"\",\"potentialAction\":[{\"@type\":\"SearchAction\",\"target\":{\"@type\":\"EntryPoint\",\"urlTemplate\":\"https:\/\/cua.edu.co\/web3\/?s={search_term_string}\"},\"query-input\":\"required name=search_term_string\"}],\"inLanguage\":\"es\"}]}<\/script>\n<!-- \/ Yoast SEO plugin. -->","yoast_head_json":{"title":"Auxiliar en Sistemas Informaticos - CUA","robots":{"index":"index","follow":"follow","max-snippet":"max-snippet:-1","max-image-preview":"max-image-preview:large","max-video-preview":"max-video-preview:-1"},"canonical":"https:\/\/cua.edu.co\/web3\/pages\/ciencias-informaticas\/asistente-de-sistemas\/","og_locale":"es_ES","og_type":"article","og_title":"Auxiliar en Sistemas Informaticos - CUA","og_description":"[vc_row][vc_column][\/vc_column][\/vc_row][vc_row][vc_column width=\u00bb1\/2&#8243;][vc_empty_space][vc_column_text]Duraci\u00f3n :18 meses ( 3 niveles ) Certificado que otorga : Certificado de Aptitud Ocupacional de T\u00e9cnico Laboral por Competencias en Auxiliar en\u00a0Sistemas Inform\u00e1ticos Perfil Ocupacional :\u00a0Se desempe\u00f1a en actividades productivas relacionadas con el ensamblaje, mantenimiento, actualizaci\u00f3n, instalaci\u00f3n y configuraci\u00f3n de computadores, mantenimiento correctivo y preventivo de Software y Hardware y dise\u00f1o de paginas [&hellip;]","og_url":"https:\/\/cua.edu.co\/web3\/pages\/ciencias-informaticas\/asistente-de-sistemas\/","og_site_name":"CUA","article_modified_time":"2018-01-26T16:08:25+00:00","og_image":[{"url":"http:\/\/www.cua.edu.co\/web3\/wp-content\/uploads\/2016\/06\/sistemas.png"}],"twitter_card":"summary_large_image","twitter_misc":{"Tiempo de lectura":"1 minuto"},"schema":{"@context":"https:\/\/schema.org","@graph":[{"@type":"WebPage","@id":"https:\/\/cua.edu.co\/web3\/pages\/ciencias-informaticas\/asistente-de-sistemas\/","url":"https:\/\/cua.edu.co\/web3\/pages\/ciencias-informaticas\/asistente-de-sistemas\/","name":"Auxiliar en Sistemas Informaticos - CUA","isPartOf":{"@id":"https:\/\/cua.edu.co\/web3\/#website"},"datePublished":"2015-06-05T00:05:46+00:00","dateModified":"2018-01-26T16:08:25+00:00","breadcrumb":{"@id":"https:\/\/cua.edu.co\/web3\/pages\/ciencias-informaticas\/asistente-de-sistemas\/#breadcrumb"},"inLanguage":"es","potentialAction":[{"@type":"ReadAction","target":["https:\/\/cua.edu.co\/web3\/pages\/ciencias-informaticas\/asistente-de-sistemas\/"]}]},{"@type":"BreadcrumbList","@id":"https:\/\/cua.edu.co\/web3\/pages\/ciencias-informaticas\/asistente-de-sistemas\/#breadcrumb","itemListElement":[{"@type":"ListItem","position":1,"name":"Portada","item":"https:\/\/cua.edu.co\/web3\/"},{"@type":"ListItem","position":2,"name":"Programas","item":"https:\/\/cua.edu.co\/web3\/pages\/"},{"@type":"ListItem","position":3,"name":"Herramientas Tecnol\u00f3gicas","item":"https:\/\/cua.edu.co\/web3\/pages\/ciencias-informaticas\/"},{"@type":"ListItem","position":4,"name":"Auxiliar en Sistemas Informaticos"}]},{"@type":"WebSite","@id":"https:\/\/cua.edu.co\/web3\/#website","url":"https:\/\/cua.edu.co\/web3\/","name":"CUA","description":"","potentialAction":[{"@type":"SearchAction","target":{"@type":"EntryPoint","urlTemplate":"https:\/\/cua.edu.co\/web3\/?s={search_term_string}"},"query-input":"required name=search_term_string"}],"inLanguage":"es"}]}},"_links":{"self":[{"href":"https:\/\/cua.edu.co\/web3\/wp-json\/wp\/v2\/pages\/6939"}],"collection":[{"href":"https:\/\/cua.edu.co\/web3\/wp-json\/wp\/v2\/pages"}],"about":[{"href":"https:\/\/cua.edu.co\/web3\/wp-json\/wp\/v2\/types\/page"}],"author":[{"embeddable":true,"href":"https:\/\/cua.edu.co\/web3\/wp-json\/wp\/v2\/users\/1"}],"replies":[{"embeddable":true,"href":"https:\/\/cua.edu.co\/web3\/wp-json\/wp\/v2\/comments?post=6939"}],"version-history":[{"count":18,"href":"https:\/\/cua.edu.co\/web3\/wp-json\/wp\/v2\/pages\/6939\/revisions"}],"predecessor-version":[{"id":8331,"href":"https:\/\/cua.edu.co\/web3\/wp-json\/wp\/v2\/pages\/6939\/revisions\/8331"}],"up":[{"embeddable":true,"href":"https:\/\/cua.edu.co\/web3\/wp-json\/wp\/v2\/pages\/6937"}],"wp:attachment":[{"href":"https:\/\/cua.edu.co\/web3\/wp-json\/wp\/v2\/media?parent=6939"}],"curies":[{"name":"wp","href":"https:\/\/api.w.org\/{rel}","templated":true}]}}