{"id":6937,"date":"2015-06-05T00:05:13","date_gmt":"2015-06-05T00:05:13","guid":{"rendered":"http:\/\/www.cua.edu.co\/web3\/?page_id=6937"},"modified":"2016-06-10T13:47:08","modified_gmt":"2016-06-10T18:47:08","slug":"ciencias-informaticas","status":"publish","type":"page","link":"https:\/\/cua.edu.co\/web3\/pages\/ciencias-informaticas\/","title":{"rendered":"Herramientas Tecnol\u00f3gicas"},"content":{"rendered":"[vc_row][vc_column]<div id=\"ultimate-heading-874769f434eb7bea4\" class=\"uvc-heading ult-adjust-bottom-margin ultimate-heading-874769f434eb7bea4 uvc-3500 \" data-hspacer=\"no_spacer\"  data-halign=\"center\" style=\"text-align:center\"><div class=\"uvc-heading-spacer no_spacer\" style=\"top\"><\/div><div class=\"uvc-sub-heading ult-responsive\"  data-ultimate-target='.uvc-heading.ultimate-heading-874769f434eb7bea4 .uvc-sub-heading '  data-responsive-json-new='{\"font-size\":\"\",\"line-height\":\"\"}'  style=\"font-weight:normal;\">\n<h1 style=\"text-align: center;\"><strong><span style=\"color: #0579ba;\"><img decoding=\"async\" loading=\"lazy\" class=\"alignnone wp-image-8090\" src=\"data:image\/gif;base64,R0lGODdhAQABAPAAAP\/\/\/wAAACwAAAAAAQABAEACAkQBADs=\" data-lazy-src=\"http:\/\/www.cua.edu.co\/web3\/wp-content\/uploads\/2012\/12\/LIsta-icono_azul.png\" alt=\"LIsta-icono_azul\" width=\"35\" height=\"35\" data-lazy-srcset=\"https:\/\/cua.edu.co\/web3\/wp-content\/uploads\/2012\/12\/LIsta-icono_azul-66x66.png 66w, https:\/\/cua.edu.co\/web3\/wp-content\/uploads\/2012\/12\/LIsta-icono_azul-200x200.png 200w, https:\/\/cua.edu.co\/web3\/wp-content\/uploads\/2012\/12\/LIsta-icono_azul.png 256w\" data-lazy-sizes=\"(max-width: 35px) 100vw, 35px\" \/><noscript><img decoding=\"async\" loading=\"lazy\" class=\"alignnone wp-image-8090\" src=\"http:\/\/www.cua.edu.co\/web3\/wp-content\/uploads\/2012\/12\/LIsta-icono_azul.png\" alt=\"LIsta-icono_azul\" width=\"35\" height=\"35\" srcset=\"https:\/\/cua.edu.co\/web3\/wp-content\/uploads\/2012\/12\/LIsta-icono_azul-66x66.png 66w, https:\/\/cua.edu.co\/web3\/wp-content\/uploads\/2012\/12\/LIsta-icono_azul-200x200.png 200w, https:\/\/cua.edu.co\/web3\/wp-content\/uploads\/2012\/12\/LIsta-icono_azul.png 256w\" sizes=\"(max-width: 35px) 100vw, 35px\" \/><\/noscript>Divisi\u00f3n de\u00a0Herramientas\u00a0Tecnol\u00f3gicas<\/span><\/strong><\/h1>\n<\/div><\/div>[rev_slider_vc alias=\u00bbdemo\u00bb][vc_empty_space][\/vc_column][\/vc_row][vc_row][vc_column width=\u00bb2\/3&#8243;][vc_empty_space][vc_column_text]\n<div><\/div>\n<div style=\"text-align: justify;\"><\/div>\n<div style=\"text-align: justify;\"><span style=\"font-family: 'Arial','sans-serif'; color: #333333;\">El entorno tecnol\u00f3gico ha sido uno de los pilares para el desarrollo de la econom\u00eda colombiana, ya que \u00e9ste permite acercarse de una manera m\u00e1s resuelta hacia las principales econom\u00edas globales siendo uno de los factores relevantes en el desarrollo del proyecto de industrializaci\u00f3n.<\/span><\/div>\n<div style=\"text-align: justify;\"><\/div>\n<p style=\"text-align: justify;\"><span style=\"font-family: 'Arial','sans-serif'; color: #333333;\">Acogi\u00e9ndonos al Plan Nacional TIC\u2019S y al Plan de Acci\u00f3n 2008, donde se plantea que los colombianos hagan uso eficiente de las tecnolog\u00edas que tienen a su alcance, la instituci\u00f3n oferta los programas de la divisi\u00f3n de Ingenier\u00edas, como respuesta para dar soporte a las empresas que utilizan la tecnolog\u00eda de la informaci\u00f3n.<\/span><\/p>\n<p style=\"text-align: justify;\"><span style=\"font-family: 'Arial','sans-serif'; color: #333333;\">Mercado del hardware y software ha crecido en forma simult\u00e1nea a las necesidades de informaci\u00f3n constituy\u00e9ndose cada vez m\u00e1s en un importante factor dentro del desarrollo de pa\u00eds. Esto a su vez requiere capital humano que realice las actividades pertinentes a la instalaci\u00f3n y mantenimiento de los equipos relacionados a las tecnolog\u00edas de la informaci\u00f3n.<\/span><\/p>\n[\/vc_column_text][\/vc_column][vc_column width=\u00bb1\/3&#8243;][vc_empty_space][vc_widget_sidebar sidebar_id=\u00bbcs-2&#8243;][\/vc_column][\/vc_row]\n","protected":false},"excerpt":{"rendered":"<p>[vc_row][vc_column][rev_slider_vc alias=\u00bbdemo\u00bb][vc_empty_space][\/vc_column][\/vc_row][vc_row][vc_column width=\u00bb2\/3&#8243;][vc_empty_space][vc_column_text] El entorno tecnol\u00f3gico ha sido uno de los pilares para el desarrollo de la econom\u00eda colombiana, ya que \u00e9ste permite acercarse de una manera m\u00e1s resuelta hacia las principales econom\u00edas globales siendo uno de los factores relevantes en el desarrollo del proyecto de industrializaci\u00f3n. Acogi\u00e9ndonos al Plan Nacional TIC\u2019S y al Plan [&hellip;]<\/p>\n","protected":false},"author":1,"featured_media":0,"parent":131,"menu_order":3,"comment_status":"open","ping_status":"closed","template":"","meta":{"_joinchat":[]},"yoast_head":"<!-- This site is optimized with the Yoast SEO plugin v20.3 - https:\/\/yoast.com\/wordpress\/plugins\/seo\/ -->\n<title>Herramientas Tecnol\u00f3gicas - CUA<\/title>\n<meta name=\"robots\" content=\"index, follow, max-snippet:-1, max-image-preview:large, max-video-preview:-1\" \/>\n<link rel=\"canonical\" href=\"https:\/\/cua.edu.co\/web3\/pages\/ciencias-informaticas\/\" \/>\n<meta property=\"og:locale\" content=\"es_ES\" \/>\n<meta property=\"og:type\" content=\"article\" \/>\n<meta property=\"og:title\" content=\"Herramientas Tecnol\u00f3gicas - CUA\" \/>\n<meta property=\"og:description\" content=\"[vc_row][vc_column][rev_slider_vc alias=\u00bbdemo\u00bb][vc_empty_space][\/vc_column][\/vc_row][vc_row][vc_column width=\u00bb2\/3&#8243;][vc_empty_space][vc_column_text] El entorno tecnol\u00f3gico ha sido uno de los pilares para el desarrollo de la econom\u00eda colombiana, ya que \u00e9ste permite acercarse de una manera m\u00e1s resuelta hacia las principales econom\u00edas globales siendo uno de los factores relevantes en el desarrollo del proyecto de industrializaci\u00f3n. Acogi\u00e9ndonos al Plan Nacional TIC\u2019S y al Plan [&hellip;]\" \/>\n<meta property=\"og:url\" content=\"https:\/\/cua.edu.co\/web3\/pages\/ciencias-informaticas\/\" \/>\n<meta property=\"og:site_name\" content=\"CUA\" \/>\n<meta property=\"article:modified_time\" content=\"2016-06-10T18:47:08+00:00\" \/>\n<meta property=\"og:image\" content=\"http:\/\/www.cua.edu.co\/web3\/wp-content\/uploads\/2012\/12\/LIsta-icono_azul.png\" \/>\n<meta name=\"twitter:card\" content=\"summary_large_image\" \/>\n<meta name=\"twitter:label1\" content=\"Tiempo de lectura\" \/>\n\t<meta name=\"twitter:data1\" content=\"1 minuto\" \/>\n<script type=\"application\/ld+json\" class=\"yoast-schema-graph\">{\"@context\":\"https:\/\/schema.org\",\"@graph\":[{\"@type\":\"WebPage\",\"@id\":\"https:\/\/cua.edu.co\/web3\/pages\/ciencias-informaticas\/\",\"url\":\"https:\/\/cua.edu.co\/web3\/pages\/ciencias-informaticas\/\",\"name\":\"Herramientas Tecnol\u00f3gicas - CUA\",\"isPartOf\":{\"@id\":\"https:\/\/cua.edu.co\/web3\/#website\"},\"datePublished\":\"2015-06-05T00:05:13+00:00\",\"dateModified\":\"2016-06-10T18:47:08+00:00\",\"breadcrumb\":{\"@id\":\"https:\/\/cua.edu.co\/web3\/pages\/ciencias-informaticas\/#breadcrumb\"},\"inLanguage\":\"es\",\"potentialAction\":[{\"@type\":\"ReadAction\",\"target\":[\"https:\/\/cua.edu.co\/web3\/pages\/ciencias-informaticas\/\"]}]},{\"@type\":\"BreadcrumbList\",\"@id\":\"https:\/\/cua.edu.co\/web3\/pages\/ciencias-informaticas\/#breadcrumb\",\"itemListElement\":[{\"@type\":\"ListItem\",\"position\":1,\"name\":\"Portada\",\"item\":\"https:\/\/cua.edu.co\/web3\/\"},{\"@type\":\"ListItem\",\"position\":2,\"name\":\"Programas\",\"item\":\"https:\/\/cua.edu.co\/web3\/pages\/\"},{\"@type\":\"ListItem\",\"position\":3,\"name\":\"Herramientas Tecnol\u00f3gicas\"}]},{\"@type\":\"WebSite\",\"@id\":\"https:\/\/cua.edu.co\/web3\/#website\",\"url\":\"https:\/\/cua.edu.co\/web3\/\",\"name\":\"CUA\",\"description\":\"\",\"potentialAction\":[{\"@type\":\"SearchAction\",\"target\":{\"@type\":\"EntryPoint\",\"urlTemplate\":\"https:\/\/cua.edu.co\/web3\/?s={search_term_string}\"},\"query-input\":\"required name=search_term_string\"}],\"inLanguage\":\"es\"}]}<\/script>\n<!-- \/ Yoast SEO plugin. -->","yoast_head_json":{"title":"Herramientas Tecnol\u00f3gicas - CUA","robots":{"index":"index","follow":"follow","max-snippet":"max-snippet:-1","max-image-preview":"max-image-preview:large","max-video-preview":"max-video-preview:-1"},"canonical":"https:\/\/cua.edu.co\/web3\/pages\/ciencias-informaticas\/","og_locale":"es_ES","og_type":"article","og_title":"Herramientas Tecnol\u00f3gicas - CUA","og_description":"[vc_row][vc_column][rev_slider_vc alias=\u00bbdemo\u00bb][vc_empty_space][\/vc_column][\/vc_row][vc_row][vc_column width=\u00bb2\/3&#8243;][vc_empty_space][vc_column_text] El entorno tecnol\u00f3gico ha sido uno de los pilares para el desarrollo de la econom\u00eda colombiana, ya que \u00e9ste permite acercarse de una manera m\u00e1s resuelta hacia las principales econom\u00edas globales siendo uno de los factores relevantes en el desarrollo del proyecto de industrializaci\u00f3n. Acogi\u00e9ndonos al Plan Nacional TIC\u2019S y al Plan [&hellip;]","og_url":"https:\/\/cua.edu.co\/web3\/pages\/ciencias-informaticas\/","og_site_name":"CUA","article_modified_time":"2016-06-10T18:47:08+00:00","og_image":[{"url":"http:\/\/www.cua.edu.co\/web3\/wp-content\/uploads\/2012\/12\/LIsta-icono_azul.png"}],"twitter_card":"summary_large_image","twitter_misc":{"Tiempo de lectura":"1 minuto"},"schema":{"@context":"https:\/\/schema.org","@graph":[{"@type":"WebPage","@id":"https:\/\/cua.edu.co\/web3\/pages\/ciencias-informaticas\/","url":"https:\/\/cua.edu.co\/web3\/pages\/ciencias-informaticas\/","name":"Herramientas Tecnol\u00f3gicas - CUA","isPartOf":{"@id":"https:\/\/cua.edu.co\/web3\/#website"},"datePublished":"2015-06-05T00:05:13+00:00","dateModified":"2016-06-10T18:47:08+00:00","breadcrumb":{"@id":"https:\/\/cua.edu.co\/web3\/pages\/ciencias-informaticas\/#breadcrumb"},"inLanguage":"es","potentialAction":[{"@type":"ReadAction","target":["https:\/\/cua.edu.co\/web3\/pages\/ciencias-informaticas\/"]}]},{"@type":"BreadcrumbList","@id":"https:\/\/cua.edu.co\/web3\/pages\/ciencias-informaticas\/#breadcrumb","itemListElement":[{"@type":"ListItem","position":1,"name":"Portada","item":"https:\/\/cua.edu.co\/web3\/"},{"@type":"ListItem","position":2,"name":"Programas","item":"https:\/\/cua.edu.co\/web3\/pages\/"},{"@type":"ListItem","position":3,"name":"Herramientas Tecnol\u00f3gicas"}]},{"@type":"WebSite","@id":"https:\/\/cua.edu.co\/web3\/#website","url":"https:\/\/cua.edu.co\/web3\/","name":"CUA","description":"","potentialAction":[{"@type":"SearchAction","target":{"@type":"EntryPoint","urlTemplate":"https:\/\/cua.edu.co\/web3\/?s={search_term_string}"},"query-input":"required name=search_term_string"}],"inLanguage":"es"}]}},"_links":{"self":[{"href":"https:\/\/cua.edu.co\/web3\/wp-json\/wp\/v2\/pages\/6937"}],"collection":[{"href":"https:\/\/cua.edu.co\/web3\/wp-json\/wp\/v2\/pages"}],"about":[{"href":"https:\/\/cua.edu.co\/web3\/wp-json\/wp\/v2\/types\/page"}],"author":[{"embeddable":true,"href":"https:\/\/cua.edu.co\/web3\/wp-json\/wp\/v2\/users\/1"}],"replies":[{"embeddable":true,"href":"https:\/\/cua.edu.co\/web3\/wp-json\/wp\/v2\/comments?post=6937"}],"version-history":[{"count":24,"href":"https:\/\/cua.edu.co\/web3\/wp-json\/wp\/v2\/pages\/6937\/revisions"}],"predecessor-version":[{"id":8198,"href":"https:\/\/cua.edu.co\/web3\/wp-json\/wp\/v2\/pages\/6937\/revisions\/8198"}],"up":[{"embeddable":true,"href":"https:\/\/cua.edu.co\/web3\/wp-json\/wp\/v2\/pages\/131"}],"wp:attachment":[{"href":"https:\/\/cua.edu.co\/web3\/wp-json\/wp\/v2\/media?parent=6937"}],"curies":[{"name":"wp","href":"https:\/\/api.w.org\/{rel}","templated":true}]}}