{"id":6929,"date":"2015-06-04T23:57:24","date_gmt":"2015-06-04T23:57:24","guid":{"rendered":"http:\/\/www.cua.edu.co\/web3\/?page_id=6929"},"modified":"2018-01-26T10:59:50","modified_gmt":"2018-01-26T15:59:50","slug":"asistente-de-mercadeo-y-publicidad","status":"publish","type":"page","link":"https:\/\/cua.edu.co\/web3\/pages\/cienciasecnomicas\/asistente-de-mercadeo-y-publicidad\/","title":{"rendered":"Asistente de Mercadeo y Publicidad"},"content":{"rendered":"[vc_row][vc_column]<div id=\"ultimate-heading-831369f53e2974c65\" class=\"uvc-heading ult-adjust-bottom-margin ultimate-heading-831369f53e2974c65 uvc-2760 \" data-hspacer=\"no_spacer\"  data-halign=\"center\" style=\"text-align:center\"><div class=\"uvc-heading-spacer no_spacer\" style=\"top\"><\/div><div class=\"uvc-sub-heading ult-responsive\"  data-ultimate-target='.uvc-heading.ultimate-heading-831369f53e2974c65 .uvc-sub-heading '  data-responsive-json-new='{\"font-size\":\"\",\"line-height\":\"\"}'  style=\"font-weight:normal;\"><img decoding=\"async\" loading=\"lazy\" class=\"alignnone size-full wp-image-8155\" src=\"data:image\/gif;base64,R0lGODdhAQABAPAAAP\/\/\/wAAACwAAAAAAQABAEACAkQBADs=\" data-lazy-src=\"http:\/\/www.cua.edu.co\/web3\/wp-content\/uploads\/2016\/06\/MERCADEO2.png\" alt=\"MERCADEO2\" width=\"1356\" height=\"354\" data-lazy-srcset=\"https:\/\/cua.edu.co\/web3\/wp-content\/uploads\/2016\/06\/MERCADEO2-200x52.png 200w, https:\/\/cua.edu.co\/web3\/wp-content\/uploads\/2016\/06\/MERCADEO2-400x104.png 400w, https:\/\/cua.edu.co\/web3\/wp-content\/uploads\/2016\/06\/MERCADEO2-600x157.png 600w, https:\/\/cua.edu.co\/web3\/wp-content\/uploads\/2016\/06\/MERCADEO2-800x209.png 800w, https:\/\/cua.edu.co\/web3\/wp-content\/uploads\/2016\/06\/MERCADEO2-1200x313.png 1200w, https:\/\/cua.edu.co\/web3\/wp-content\/uploads\/2016\/06\/MERCADEO2.png 1356w\" data-lazy-sizes=\"(max-width: 1356px) 100vw, 1356px\" \/><noscript><img decoding=\"async\" loading=\"lazy\" class=\"alignnone size-full wp-image-8155\" src=\"http:\/\/www.cua.edu.co\/web3\/wp-content\/uploads\/2016\/06\/MERCADEO2.png\" alt=\"MERCADEO2\" width=\"1356\" height=\"354\" srcset=\"https:\/\/cua.edu.co\/web3\/wp-content\/uploads\/2016\/06\/MERCADEO2-200x52.png 200w, https:\/\/cua.edu.co\/web3\/wp-content\/uploads\/2016\/06\/MERCADEO2-400x104.png 400w, https:\/\/cua.edu.co\/web3\/wp-content\/uploads\/2016\/06\/MERCADEO2-600x157.png 600w, https:\/\/cua.edu.co\/web3\/wp-content\/uploads\/2016\/06\/MERCADEO2-800x209.png 800w, https:\/\/cua.edu.co\/web3\/wp-content\/uploads\/2016\/06\/MERCADEO2-1200x313.png 1200w, https:\/\/cua.edu.co\/web3\/wp-content\/uploads\/2016\/06\/MERCADEO2.png 1356w\" sizes=\"(max-width: 1356px) 100vw, 1356px\" \/><\/noscript><\/div><\/div>[\/vc_column][\/vc_row][vc_row][vc_column width=\u00bb1\/2&#8243;][vc_empty_space][vc_column_text]<strong><span style=\"font-family: 'Arial','sans-serif'; color: #333333;\">Duraci\u00f3n :<\/span><\/strong><span style=\"font-family: 'Arial','sans-serif'; color: #333333;\">18 meses ( 3 niveles )<\/span><\/p>\n<p><strong><span style=\"font-family: 'Arial','sans-serif'; color: #333333;\">Certificado que otorga :<\/span><\/strong><span style=\"font-family: 'Arial','sans-serif'; color: #333333;\"> Certificado de Aptitud Ocupacional de T\u00e9cnico Laboral por Competencias en\u00a0Mercadeo y Publicidad<\/span><\/p>\n<p style=\"text-align: justify;\"><strong><span style=\"font-family: 'Arial','sans-serif'; color: #333333;\">Perfil Ocupacional :<\/span><\/strong><span style=\"font-family: 'Arial','sans-serif'; color: #333333;\"> El objetivo del egresado es vender bienes y servicios para clientes mayoristas, detallistas, comerciantes, industrias y consumidores,\u00a0 dar asesor\u00eda a los clientes, preparar la exhibici\u00f3n de productos y servicios en estable-cimientos comerciales de acuerdo con sus caracter\u00edsticas, contactar e interactuar con clientes y negociar los t\u00e9rminos de venta.<\/span><\/p>\n<ul>\n<li style=\"text-align: justify;\"><span style=\"font-family: 'Arial','sans-serif'; color: #333333;\">ASISTENTE EN SERVICIOS DE MERCADEO<\/span><\/li>\n<li style=\"text-align: justify;\"><span style=\"font-family: 'Arial','sans-serif'; color: #333333;\">ASISTENTE COMERCIAL<\/span><\/li>\n<li style=\"text-align: justify;\"><span style=\"font-family: 'Arial','sans-serif'; color: #333333;\">ASISTENTE EN AGENCIAS DE PUBLICIDAD<\/span><\/li>\n<\/ul>\n<p><strong><span style=\"font-family: 'Arial','sans-serif'; color: #333333;\">P\u00e9nsum Acad\u00e9mico :<\/span><\/strong><\/p>\n<p><img decoding=\"async\" loading=\"lazy\" class=\"alignnone size-full wp-image-8316\" src=\"data:image\/gif;base64,R0lGODdhAQABAPAAAP\/\/\/wAAACwAAAAAAQABAEACAkQBADs=\" data-lazy-src=\"http:\/\/www.cua.edu.co\/web3\/wp-content\/uploads\/2018\/01\/plantilla-mercadeo-y-publicidad.jpg\" alt=\"plantilla mercadeo y publicidad\" width=\"601\" height=\"289\" data-lazy-srcset=\"https:\/\/cua.edu.co\/web3\/wp-content\/uploads\/2018\/01\/plantilla-mercadeo-y-publicidad-200x96.jpg 200w, https:\/\/cua.edu.co\/web3\/wp-content\/uploads\/2018\/01\/plantilla-mercadeo-y-publicidad-400x192.jpg 400w, https:\/\/cua.edu.co\/web3\/wp-content\/uploads\/2018\/01\/plantilla-mercadeo-y-publicidad-600x289.jpg 600w, https:\/\/cua.edu.co\/web3\/wp-content\/uploads\/2018\/01\/plantilla-mercadeo-y-publicidad.jpg 601w\" data-lazy-sizes=\"(max-width: 601px) 100vw, 601px\" \/><noscript><img decoding=\"async\" loading=\"lazy\" class=\"alignnone size-full wp-image-8316\" src=\"http:\/\/www.cua.edu.co\/web3\/wp-content\/uploads\/2018\/01\/plantilla-mercadeo-y-publicidad.jpg\" alt=\"plantilla mercadeo y publicidad\" width=\"601\" height=\"289\" srcset=\"https:\/\/cua.edu.co\/web3\/wp-content\/uploads\/2018\/01\/plantilla-mercadeo-y-publicidad-200x96.jpg 200w, https:\/\/cua.edu.co\/web3\/wp-content\/uploads\/2018\/01\/plantilla-mercadeo-y-publicidad-400x192.jpg 400w, https:\/\/cua.edu.co\/web3\/wp-content\/uploads\/2018\/01\/plantilla-mercadeo-y-publicidad-600x289.jpg 600w, https:\/\/cua.edu.co\/web3\/wp-content\/uploads\/2018\/01\/plantilla-mercadeo-y-publicidad.jpg 601w\" sizes=\"(max-width: 601px) 100vw, 601px\" \/><\/noscript>[\/vc_column_text][\/vc_column][vc_column width=\u00bb1\/2&#8243;][vc_empty_space][vc_video link=\u00bbhttps:\/\/youtu.be\/x_8G5t4lJOA\u00bb][vc_widget_sidebar sidebar_id=\u00bbcs-2&#8243;][\/vc_column][\/vc_row]\n","protected":false},"excerpt":{"rendered":"<p>[vc_row][vc_column][\/vc_column][\/vc_row][vc_row][vc_column width=\u00bb1\/2&#8243;][vc_empty_space][vc_column_text]Duraci\u00f3n :18 meses ( 3 niveles ) Certificado que otorga : Certificado de Aptitud Ocupacional de T\u00e9cnico Laboral por Competencias en\u00a0Mercadeo y Publicidad Perfil Ocupacional : El objetivo del egresado es vender bienes y servicios para clientes mayoristas, detallistas, comerciantes, industrias y consumidores,\u00a0 dar asesor\u00eda a los clientes, preparar la exhibici\u00f3n de productos y [&hellip;]<\/p>\n","protected":false},"author":1,"featured_media":0,"parent":327,"menu_order":5,"comment_status":"open","ping_status":"closed","template":"","meta":{"_joinchat":[]},"yoast_head":"<!-- This site is optimized with the Yoast SEO plugin v20.3 - https:\/\/yoast.com\/wordpress\/plugins\/seo\/ -->\n<title>Asistente de Mercadeo y Publicidad - CUA<\/title>\n<meta name=\"robots\" content=\"index, follow, max-snippet:-1, max-image-preview:large, max-video-preview:-1\" \/>\n<link rel=\"canonical\" href=\"https:\/\/cua.edu.co\/web3\/pages\/cienciasecnomicas\/asistente-de-mercadeo-y-publicidad\/\" \/>\n<meta property=\"og:locale\" content=\"es_ES\" \/>\n<meta property=\"og:type\" content=\"article\" \/>\n<meta property=\"og:title\" content=\"Asistente de Mercadeo y Publicidad - CUA\" \/>\n<meta property=\"og:description\" content=\"[vc_row][vc_column][\/vc_column][\/vc_row][vc_row][vc_column width=\u00bb1\/2&#8243;][vc_empty_space][vc_column_text]Duraci\u00f3n :18 meses ( 3 niveles ) Certificado que otorga : Certificado de Aptitud Ocupacional de T\u00e9cnico Laboral por Competencias en\u00a0Mercadeo y Publicidad Perfil Ocupacional : El objetivo del egresado es vender bienes y servicios para clientes mayoristas, detallistas, comerciantes, industrias y consumidores,\u00a0 dar asesor\u00eda a los clientes, preparar la exhibici\u00f3n de productos y [&hellip;]\" \/>\n<meta property=\"og:url\" content=\"https:\/\/cua.edu.co\/web3\/pages\/cienciasecnomicas\/asistente-de-mercadeo-y-publicidad\/\" \/>\n<meta property=\"og:site_name\" content=\"CUA\" \/>\n<meta property=\"article:modified_time\" content=\"2018-01-26T15:59:50+00:00\" \/>\n<meta property=\"og:image\" content=\"http:\/\/www.cua.edu.co\/web3\/wp-content\/uploads\/2016\/06\/MERCADEO2.png\" \/>\n<meta name=\"twitter:card\" content=\"summary_large_image\" \/>\n<meta name=\"twitter:label1\" content=\"Tiempo de lectura\" \/>\n\t<meta name=\"twitter:data1\" content=\"1 minuto\" \/>\n<script type=\"application\/ld+json\" class=\"yoast-schema-graph\">{\"@context\":\"https:\/\/schema.org\",\"@graph\":[{\"@type\":\"WebPage\",\"@id\":\"https:\/\/cua.edu.co\/web3\/pages\/cienciasecnomicas\/asistente-de-mercadeo-y-publicidad\/\",\"url\":\"https:\/\/cua.edu.co\/web3\/pages\/cienciasecnomicas\/asistente-de-mercadeo-y-publicidad\/\",\"name\":\"Asistente de Mercadeo y Publicidad - CUA\",\"isPartOf\":{\"@id\":\"https:\/\/cua.edu.co\/web3\/#website\"},\"datePublished\":\"2015-06-04T23:57:24+00:00\",\"dateModified\":\"2018-01-26T15:59:50+00:00\",\"breadcrumb\":{\"@id\":\"https:\/\/cua.edu.co\/web3\/pages\/cienciasecnomicas\/asistente-de-mercadeo-y-publicidad\/#breadcrumb\"},\"inLanguage\":\"es\",\"potentialAction\":[{\"@type\":\"ReadAction\",\"target\":[\"https:\/\/cua.edu.co\/web3\/pages\/cienciasecnomicas\/asistente-de-mercadeo-y-publicidad\/\"]}]},{\"@type\":\"BreadcrumbList\",\"@id\":\"https:\/\/cua.edu.co\/web3\/pages\/cienciasecnomicas\/asistente-de-mercadeo-y-publicidad\/#breadcrumb\",\"itemListElement\":[{\"@type\":\"ListItem\",\"position\":1,\"name\":\"Portada\",\"item\":\"https:\/\/cua.edu.co\/web3\/\"},{\"@type\":\"ListItem\",\"position\":2,\"name\":\"Programas\",\"item\":\"https:\/\/cua.edu.co\/web3\/pages\/\"},{\"@type\":\"ListItem\",\"position\":3,\"name\":\"Ciencias Econ\u00f3micas\",\"item\":\"https:\/\/cua.edu.co\/web3\/pages\/cienciasecnomicas\/\"},{\"@type\":\"ListItem\",\"position\":4,\"name\":\"Asistente de Mercadeo y Publicidad\"}]},{\"@type\":\"WebSite\",\"@id\":\"https:\/\/cua.edu.co\/web3\/#website\",\"url\":\"https:\/\/cua.edu.co\/web3\/\",\"name\":\"CUA\",\"description\":\"\",\"potentialAction\":[{\"@type\":\"SearchAction\",\"target\":{\"@type\":\"EntryPoint\",\"urlTemplate\":\"https:\/\/cua.edu.co\/web3\/?s={search_term_string}\"},\"query-input\":\"required name=search_term_string\"}],\"inLanguage\":\"es\"}]}<\/script>\n<!-- \/ Yoast SEO plugin. -->","yoast_head_json":{"title":"Asistente de Mercadeo y Publicidad - CUA","robots":{"index":"index","follow":"follow","max-snippet":"max-snippet:-1","max-image-preview":"max-image-preview:large","max-video-preview":"max-video-preview:-1"},"canonical":"https:\/\/cua.edu.co\/web3\/pages\/cienciasecnomicas\/asistente-de-mercadeo-y-publicidad\/","og_locale":"es_ES","og_type":"article","og_title":"Asistente de Mercadeo y Publicidad - CUA","og_description":"[vc_row][vc_column][\/vc_column][\/vc_row][vc_row][vc_column width=\u00bb1\/2&#8243;][vc_empty_space][vc_column_text]Duraci\u00f3n :18 meses ( 3 niveles ) Certificado que otorga : Certificado de Aptitud Ocupacional de T\u00e9cnico Laboral por Competencias en\u00a0Mercadeo y Publicidad Perfil Ocupacional : El objetivo del egresado es vender bienes y servicios para clientes mayoristas, detallistas, comerciantes, industrias y consumidores,\u00a0 dar asesor\u00eda a los clientes, preparar la exhibici\u00f3n de productos y [&hellip;]","og_url":"https:\/\/cua.edu.co\/web3\/pages\/cienciasecnomicas\/asistente-de-mercadeo-y-publicidad\/","og_site_name":"CUA","article_modified_time":"2018-01-26T15:59:50+00:00","og_image":[{"url":"http:\/\/www.cua.edu.co\/web3\/wp-content\/uploads\/2016\/06\/MERCADEO2.png"}],"twitter_card":"summary_large_image","twitter_misc":{"Tiempo de lectura":"1 minuto"},"schema":{"@context":"https:\/\/schema.org","@graph":[{"@type":"WebPage","@id":"https:\/\/cua.edu.co\/web3\/pages\/cienciasecnomicas\/asistente-de-mercadeo-y-publicidad\/","url":"https:\/\/cua.edu.co\/web3\/pages\/cienciasecnomicas\/asistente-de-mercadeo-y-publicidad\/","name":"Asistente de Mercadeo y Publicidad - CUA","isPartOf":{"@id":"https:\/\/cua.edu.co\/web3\/#website"},"datePublished":"2015-06-04T23:57:24+00:00","dateModified":"2018-01-26T15:59:50+00:00","breadcrumb":{"@id":"https:\/\/cua.edu.co\/web3\/pages\/cienciasecnomicas\/asistente-de-mercadeo-y-publicidad\/#breadcrumb"},"inLanguage":"es","potentialAction":[{"@type":"ReadAction","target":["https:\/\/cua.edu.co\/web3\/pages\/cienciasecnomicas\/asistente-de-mercadeo-y-publicidad\/"]}]},{"@type":"BreadcrumbList","@id":"https:\/\/cua.edu.co\/web3\/pages\/cienciasecnomicas\/asistente-de-mercadeo-y-publicidad\/#breadcrumb","itemListElement":[{"@type":"ListItem","position":1,"name":"Portada","item":"https:\/\/cua.edu.co\/web3\/"},{"@type":"ListItem","position":2,"name":"Programas","item":"https:\/\/cua.edu.co\/web3\/pages\/"},{"@type":"ListItem","position":3,"name":"Ciencias Econ\u00f3micas","item":"https:\/\/cua.edu.co\/web3\/pages\/cienciasecnomicas\/"},{"@type":"ListItem","position":4,"name":"Asistente de Mercadeo y Publicidad"}]},{"@type":"WebSite","@id":"https:\/\/cua.edu.co\/web3\/#website","url":"https:\/\/cua.edu.co\/web3\/","name":"CUA","description":"","potentialAction":[{"@type":"SearchAction","target":{"@type":"EntryPoint","urlTemplate":"https:\/\/cua.edu.co\/web3\/?s={search_term_string}"},"query-input":"required name=search_term_string"}],"inLanguage":"es"}]}},"_links":{"self":[{"href":"https:\/\/cua.edu.co\/web3\/wp-json\/wp\/v2\/pages\/6929"}],"collection":[{"href":"https:\/\/cua.edu.co\/web3\/wp-json\/wp\/v2\/pages"}],"about":[{"href":"https:\/\/cua.edu.co\/web3\/wp-json\/wp\/v2\/types\/page"}],"author":[{"embeddable":true,"href":"https:\/\/cua.edu.co\/web3\/wp-json\/wp\/v2\/users\/1"}],"replies":[{"embeddable":true,"href":"https:\/\/cua.edu.co\/web3\/wp-json\/wp\/v2\/comments?post=6929"}],"version-history":[{"count":16,"href":"https:\/\/cua.edu.co\/web3\/wp-json\/wp\/v2\/pages\/6929\/revisions"}],"predecessor-version":[{"id":8328,"href":"https:\/\/cua.edu.co\/web3\/wp-json\/wp\/v2\/pages\/6929\/revisions\/8328"}],"up":[{"embeddable":true,"href":"https:\/\/cua.edu.co\/web3\/wp-json\/wp\/v2\/pages\/327"}],"wp:attachment":[{"href":"https:\/\/cua.edu.co\/web3\/wp-json\/wp\/v2\/media?parent=6929"}],"curies":[{"name":"wp","href":"https:\/\/api.w.org\/{rel}","templated":true}]}}