{"id":4311,"date":"2012-12-20T09:44:20","date_gmt":"2012-12-20T09:44:20","guid":{"rendered":"http:\/\/muffingroup.com\/dev8624\/nolee\/?page_id=4311"},"modified":"2018-10-24T15:52:54","modified_gmt":"2018-10-24T20:52:54","slug":"inicio","status":"publish","type":"page","link":"https:\/\/cua.edu.co\/web3\/","title":{"rendered":"Inicio"},"content":{"rendered":"[vc_row][vc_column][vc_column_text]\n<h1 style=\"text-align: center;\"><span style=\"color: #0579ba;\"><strong><div class=\"su-divider su-divider-style-default\" style=\"margin:10px 0;border-width:3px;border-color:#0473B5\"><a href=\"#\" style=\"color:#0473B5\">Volver al Men\u00fa <\/a><\/div><img decoding=\"async\" loading=\"lazy\" class=\"alignnone wp-image-8090\" src=\"data:image\/gif;base64,R0lGODdhAQABAPAAAP\/\/\/wAAACwAAAAAAQABAEACAkQBADs=\" data-lazy-src=\"https:\/\/www.cua.edu.co\/web3\/wp-content\/uploads\/2012\/12\/LIsta-icono_azul.png\" alt=\"LIsta-icono_azul\" width=\"35\" height=\"35\" data-lazy-srcset=\"https:\/\/cua.edu.co\/web3\/wp-content\/uploads\/2012\/12\/LIsta-icono_azul-66x66.png 66w, https:\/\/cua.edu.co\/web3\/wp-content\/uploads\/2012\/12\/LIsta-icono_azul-200x200.png 200w, https:\/\/cua.edu.co\/web3\/wp-content\/uploads\/2012\/12\/LIsta-icono_azul.png 256w\" data-lazy-sizes=\"(max-width: 35px) 100vw, 35px\" \/><noscript><img decoding=\"async\" loading=\"lazy\" class=\"alignnone wp-image-8090\" src=\"https:\/\/www.cua.edu.co\/web3\/wp-content\/uploads\/2012\/12\/LIsta-icono_azul.png\" alt=\"LIsta-icono_azul\" width=\"35\" height=\"35\" srcset=\"https:\/\/cua.edu.co\/web3\/wp-content\/uploads\/2012\/12\/LIsta-icono_azul-66x66.png 66w, https:\/\/cua.edu.co\/web3\/wp-content\/uploads\/2012\/12\/LIsta-icono_azul-200x200.png 200w, https:\/\/cua.edu.co\/web3\/wp-content\/uploads\/2012\/12\/LIsta-icono_azul.png 256w\" sizes=\"(max-width: 35px) 100vw, 35px\" \/><\/noscript>\u00a0 Programas<\/strong><\/span><\/h1>\n[\/vc_column_text][\/vc_column][\/vc_row][vc_row][vc_column]<div class=\"smile_icon_list_wrap ult-adjust-bottom-margin  \"><ul class=\"smile_icon_list top hexagon\"><li class=\"icon_list_item\" style=\" font-size:72px;\"><div class=\"icon_list_icon\" data-animation=\"\" data-animation-delay=\"03\" style=\"font-size:24px;background:#238ac6;color:#333333;border-color:#238ac6;\"><i class=\"Defaults-book\" ><\/i><\/div><div class=\"icon_description\" id=\"Info-list-wrap-7198\"><h3 class=\"ult-responsive\"  data-ultimate-target='#Info-list-wrap-7198 h3'  data-responsive-json-new='{\"font-size\":\"desktop:16px;\",\"line-height\":\"desktop:24px;\"}'  style=\"\"><a href=\"http:\/\/www.cua.edu.co\/web3\/pages\/cienciasecnomicas\/\" target=\"\">Divisi\u00f3n de Ciencias Econ\u00f3micas <\/a><\/h3><div class=\"icon_description_text ult-responsive\"  data-ultimate-target='#Info-list-wrap-7198 .icon_description_text'  data-responsive-json-new='{\"font-size\":\"desktop:13px;\",\"line-height\":\"desktop:18px;\"}'  style=\"\"><\/div><\/div><div class=\"icon_list_connector\" data-animation=\"fadeInLeft\" data-animation-delay=\"03\" style=\"border-color:#333333;\"><\/div><\/li><li class=\"icon_list_item\" style=\" font-size:72px;\"><div class=\"icon_list_icon\" data-animation=\"\" data-animation-delay=\"03\" style=\"font-size:24px;background:#238ac6;color:#333333;border-color:#238ac6;\"><i class=\"Defaults-pencil\" ><\/i><\/div><div class=\"icon_description\" id=\"Info-list-wrap-5643\"><h3 class=\"ult-responsive\"  data-ultimate-target='#Info-list-wrap-5643 h3'  data-responsive-json-new='{\"font-size\":\"desktop:16px;\",\"line-height\":\"desktop:24px;\"}'  style=\"\"><a href=\"http:\/\/www.cua.edu.co\/web3\/pages\/ciencias-informaticas\/\" target=\"\">Divisi\u00f3n de Herramientas Tecnol\u00f3gicas <\/a><\/h3><div class=\"icon_description_text ult-responsive\"  data-ultimate-target='#Info-list-wrap-5643 .icon_description_text'  data-responsive-json-new='{\"font-size\":\"desktop:13px;\",\"line-height\":\"desktop:18px;\"}'  style=\"\"><\/div><\/div><div class=\"icon_list_connector\" data-animation=\"fadeInLeft\" data-animation-delay=\"03\" style=\"border-color:#333333;\"><\/div><\/li><li class=\"icon_list_item\" style=\" font-size:72px;\"><div class=\"icon_list_icon\" data-animation=\"\" data-animation-delay=\"03\" style=\"font-size:24px;background:#238ac6;color:#333333;border-color:#238ac6;\"><i class=\"Defaults-image photo picture-o\" ><\/i><\/div><div class=\"icon_description\" id=\"Info-list-wrap-4479\"><h3 class=\"ult-responsive\"  data-ultimate-target='#Info-list-wrap-4479 h3'  data-responsive-json-new='{\"font-size\":\"desktop:16px;\",\"line-height\":\"desktop:24px;\"}'  style=\"\"><a href=\"http:\/\/www.cua.edu.co\/web3\/pages\/faq\/\" target=\"\">Divisi\u00f3n de Comunicaci\u00f3n y Expresi\u00f3n <\/a><\/h3><div class=\"icon_description_text ult-responsive\"  data-ultimate-target='#Info-list-wrap-4479 .icon_description_text'  data-responsive-json-new='{\"font-size\":\"desktop:13px;\",\"line-height\":\"desktop:18px;\"}'  style=\"\"><\/div><\/div><div class=\"icon_list_connector\" data-animation=\"fadeInLeft\" data-animation-delay=\"03\" style=\"border-color:#333333;\"><\/div><\/li><li class=\"icon_list_item\" style=\" font-size:72px;\"><div class=\"icon_list_icon\" data-animation=\"\" data-animation-delay=\"03\" style=\"font-size:24px;background:#238ac6;color:#333333;border-color:#238ac6;\"><i class=\"Defaults-glass\" ><\/i><\/div><div class=\"icon_description\" id=\"Info-list-wrap-8726\"><h3 class=\"ult-responsive\"  data-ultimate-target='#Info-list-wrap-8726 h3'  data-responsive-json-new='{\"font-size\":\"desktop:16px;\",\"line-height\":\"desktop:24px;\"}'  style=\"\"><a href=\"http:\/\/www.g.cua.edu.co\" target=\"\">Divisi\u00f3n Gastron\u00f3mica <\/a><\/h3><div class=\"icon_description_text ult-responsive\"  data-ultimate-target='#Info-list-wrap-8726 .icon_description_text'  data-responsive-json-new='{\"font-size\":\"desktop:13px;\",\"line-height\":\"desktop:18px;\"}'  style=\"\"><\/div><\/div><div class=\"icon_list_connector\" data-animation=\"fadeInLeft\" data-animation-delay=\"03\" style=\"border-color:#333333;\"><\/div><\/li><\/ul><\/div>[\/vc_column][\/vc_row][vc_row full_width=\u00bbstretch_row\u00bb parallax=\u00bbcontent-moving-fade\u00bb parallax_image=\u00bb8059&#8243; parallax_content=\u00bbparallax_content_value\u00bb][vc_column][vc_empty_space height=\u00bb120px\u00bb][vc_column_text][\/vc_column_text][vc_empty_space height=\u00bb120px\u00bb][\/vc_column][\/vc_row][vc_row][vc_column width=\u00bb1\/3&#8243;][vc_single_image image=\u00bb8074&#8243; img_size=\u00bbfull\u00bb alignment=\u00bbcenter\u00bb][vc_column_text]\n<p style=\"text-align: justify;\">Ingresa a la plataforma Q10 Academico y podr\u00e1s revisar tus notas, horarios, tu estado de cuenta Financiero, talleres virtuales o m\u00f3dulos que son programados por tus asesores educativos, planes de mejoramiento, y comunicaciones a la comunidad CUA<\/p>\n[\/vc_column_text][vc_btn title=\u00bbIngresa Aqu\u00ed \u00bb color=\u00bbsky\u00bb align=\u00bbcenter\u00bb link=\u00bburl:http%3A%2F%2Fcua.q10academico.com%2F||\u00bb][\/vc_column][vc_column width=\u00bb1\/3&#8243;][vc_single_image image=\u00bb8076&#8243; img_size=\u00bbfull\u00bb alignment=\u00bbcenter\u00bb][vc_column_text]\n<p style=\"text-align: justify;\">Desde nuestro proceso Gesti\u00f3n de la Comunidad, buscamos asistir a toda la Comunidad CUA, en programas de promoci\u00f3n y prevenci\u00f3n, desarrollo humano, buscando fortalecer el Ser de cada estudiante o personal administrativo de la instituci\u00f3n.<\/p>\n[\/vc_column_text][vc_btn title=\u00bbLeer M\u00e1s\u00bb color=\u00bbsky\u00bb align=\u00bbcenter\u00bb link=\u00bburl:http%3A%2F%2Fcua.edu.co%2Fweb3%2Fbienestar-institucional%2F||\u00bb][\/vc_column][vc_column width=\u00bb1\/3&#8243;][vc_single_image image=\u00bb7407&#8243; img_size=\u00bbfull\u00bb alignment=\u00bbcenter\u00bb onclick=\u00bbcustom_link\u00bb img_link_target=\u00bb_blank\u00bb link=\u00bbhttps:\/\/www.psepagos.co\/PSEHostingUI\/ShowTicketOffice.aspx?ID=6092&#8243;][vc_btn title=\u00bbInstructivo de pago \u00bb color=\u00bbsky\u00bb align=\u00bbcenter\u00bb link=\u00bburl:http%3A%2F%2Fwww.cua.edu.co%2Fweb3%2Fwp-content%2Fuploads%2F2018%2F04%2FInstructivo-pse-CUA-SAS.pdf|title:instructivo%20de%20pago%20PSE%20CUA|target:%20_blank\u00bb][\/vc_column][\/vc_row][vc_row][vc_column][\/vc_column][\/vc_row]\n","protected":false},"excerpt":{"rendered":"<p>[vc_row][vc_column][vc_column_text] \u00a0 Programas [\/vc_column_text][\/vc_column][\/vc_row][vc_row][vc_column][\/vc_column][\/vc_row][vc_row full_width=\u00bbstretch_row\u00bb parallax=\u00bbcontent-moving-fade\u00bb parallax_image=\u00bb8059&#8243; parallax_content=\u00bbparallax_content_value\u00bb][vc_column][vc_empty_space height=\u00bb120px\u00bb][vc_column_text][\/vc_column_text][vc_empty_space height=\u00bb120px\u00bb][\/vc_column][\/vc_row][vc_row][vc_column width=\u00bb1\/3&#8243;][vc_single_image image=\u00bb8074&#8243; img_size=\u00bbfull\u00bb alignment=\u00bbcenter\u00bb][vc_column_text] Ingresa a la plataforma Q10 Academico y podr\u00e1s revisar tus notas, horarios, tu estado de cuenta Financiero, talleres virtuales o m\u00f3dulos que son programados por tus asesores educativos, planes de mejoramiento, y comunicaciones a la comunidad CUA [\/vc_column_text][vc_btn title=\u00bbIngresa Aqu\u00ed \u00bb [&hellip;]<\/p>\n","protected":false},"author":1,"featured_media":0,"parent":0,"menu_order":1,"comment_status":"open","ping_status":"closed","template":"","meta":{"_joinchat":[]},"yoast_head":"<!-- This site is optimized with the Yoast SEO plugin v20.3 - https:\/\/yoast.com\/wordpress\/plugins\/seo\/ -->\n<title>Inicio - CUA<\/title>\n<meta name=\"description\" content=\"Somos una instituci\u00f3n con experiencia de mas de 13 a\u00f1os en el sector educativo. Se fund\u00f3 en la ciudad de Cali, como Instituci\u00f3n de Educaci\u00f3n T\u00e9cnica\" \/>\n<meta name=\"robots\" content=\"index, follow, max-snippet:-1, max-image-preview:large, max-video-preview:-1\" \/>\n<link rel=\"canonical\" href=\"https:\/\/cua.edu.co\/web3\/\" \/>\n<meta property=\"og:locale\" content=\"es_ES\" \/>\n<meta property=\"og:type\" content=\"article\" \/>\n<meta property=\"og:title\" content=\"Inicio - CUA\" \/>\n<meta property=\"og:description\" content=\"Somos una instituci\u00f3n con experiencia de mas de 13 a\u00f1os en el sector educativo. Se fund\u00f3 en la ciudad de Cali, como Instituci\u00f3n de Educaci\u00f3n T\u00e9cnica\" \/>\n<meta property=\"og:url\" content=\"https:\/\/cua.edu.co\/web3\/\" \/>\n<meta property=\"og:site_name\" content=\"CUA\" \/>\n<meta property=\"article:modified_time\" content=\"2018-10-24T20:52:54+00:00\" \/>\n<meta property=\"og:image\" content=\"https:\/\/www.cua.edu.co\/web3\/wp-content\/uploads\/2012\/12\/LIsta-icono_azul.png\" \/>\n<meta name=\"twitter:card\" content=\"summary_large_image\" \/>\n<meta name=\"twitter:label1\" content=\"Tiempo de lectura\" \/>\n\t<meta name=\"twitter:data1\" content=\"2 minutos\" \/>\n<script type=\"application\/ld+json\" class=\"yoast-schema-graph\">{\"@context\":\"https:\/\/schema.org\",\"@graph\":[{\"@type\":\"WebPage\",\"@id\":\"https:\/\/cua.edu.co\/web3\/\",\"url\":\"https:\/\/cua.edu.co\/web3\/\",\"name\":\"Inicio - CUA\",\"isPartOf\":{\"@id\":\"https:\/\/cua.edu.co\/web3\/#website\"},\"datePublished\":\"2012-12-20T09:44:20+00:00\",\"dateModified\":\"2018-10-24T20:52:54+00:00\",\"description\":\"Somos una instituci\u00f3n con experiencia de mas de 13 a\u00f1os en el sector educativo. Se fund\u00f3 en la ciudad de Cali, como Instituci\u00f3n de Educaci\u00f3n T\u00e9cnica\",\"breadcrumb\":{\"@id\":\"https:\/\/cua.edu.co\/web3\/#breadcrumb\"},\"inLanguage\":\"es\",\"potentialAction\":[{\"@type\":\"ReadAction\",\"target\":[\"https:\/\/cua.edu.co\/web3\/\"]}]},{\"@type\":\"BreadcrumbList\",\"@id\":\"https:\/\/cua.edu.co\/web3\/#breadcrumb\",\"itemListElement\":[{\"@type\":\"ListItem\",\"position\":1,\"name\":\"Portada\",\"item\":\"https:\/\/cua.edu.co\/web3\/\"},{\"@type\":\"ListItem\",\"position\":2,\"name\":\"Inicio\"}]},{\"@type\":\"WebSite\",\"@id\":\"https:\/\/cua.edu.co\/web3\/#website\",\"url\":\"https:\/\/cua.edu.co\/web3\/\",\"name\":\"CUA\",\"description\":\"\",\"potentialAction\":[{\"@type\":\"SearchAction\",\"target\":{\"@type\":\"EntryPoint\",\"urlTemplate\":\"https:\/\/cua.edu.co\/web3\/?s={search_term_string}\"},\"query-input\":\"required name=search_term_string\"}],\"inLanguage\":\"es\"}]}<\/script>\n<!-- \/ Yoast SEO plugin. -->","yoast_head_json":{"title":"Inicio - CUA","description":"Somos una instituci\u00f3n con experiencia de mas de 13 a\u00f1os en el sector educativo. Se fund\u00f3 en la ciudad de Cali, como Instituci\u00f3n de Educaci\u00f3n T\u00e9cnica","robots":{"index":"index","follow":"follow","max-snippet":"max-snippet:-1","max-image-preview":"max-image-preview:large","max-video-preview":"max-video-preview:-1"},"canonical":"https:\/\/cua.edu.co\/web3\/","og_locale":"es_ES","og_type":"article","og_title":"Inicio - CUA","og_description":"Somos una instituci\u00f3n con experiencia de mas de 13 a\u00f1os en el sector educativo. Se fund\u00f3 en la ciudad de Cali, como Instituci\u00f3n de Educaci\u00f3n T\u00e9cnica","og_url":"https:\/\/cua.edu.co\/web3\/","og_site_name":"CUA","article_modified_time":"2018-10-24T20:52:54+00:00","og_image":[{"url":"https:\/\/www.cua.edu.co\/web3\/wp-content\/uploads\/2012\/12\/LIsta-icono_azul.png"}],"twitter_card":"summary_large_image","twitter_misc":{"Tiempo de lectura":"2 minutos"},"schema":{"@context":"https:\/\/schema.org","@graph":[{"@type":"WebPage","@id":"https:\/\/cua.edu.co\/web3\/","url":"https:\/\/cua.edu.co\/web3\/","name":"Inicio - CUA","isPartOf":{"@id":"https:\/\/cua.edu.co\/web3\/#website"},"datePublished":"2012-12-20T09:44:20+00:00","dateModified":"2018-10-24T20:52:54+00:00","description":"Somos una instituci\u00f3n con experiencia de mas de 13 a\u00f1os en el sector educativo. Se fund\u00f3 en la ciudad de Cali, como Instituci\u00f3n de Educaci\u00f3n T\u00e9cnica","breadcrumb":{"@id":"https:\/\/cua.edu.co\/web3\/#breadcrumb"},"inLanguage":"es","potentialAction":[{"@type":"ReadAction","target":["https:\/\/cua.edu.co\/web3\/"]}]},{"@type":"BreadcrumbList","@id":"https:\/\/cua.edu.co\/web3\/#breadcrumb","itemListElement":[{"@type":"ListItem","position":1,"name":"Portada","item":"https:\/\/cua.edu.co\/web3\/"},{"@type":"ListItem","position":2,"name":"Inicio"}]},{"@type":"WebSite","@id":"https:\/\/cua.edu.co\/web3\/#website","url":"https:\/\/cua.edu.co\/web3\/","name":"CUA","description":"","potentialAction":[{"@type":"SearchAction","target":{"@type":"EntryPoint","urlTemplate":"https:\/\/cua.edu.co\/web3\/?s={search_term_string}"},"query-input":"required name=search_term_string"}],"inLanguage":"es"}]}},"_links":{"self":[{"href":"https:\/\/cua.edu.co\/web3\/wp-json\/wp\/v2\/pages\/4311"}],"collection":[{"href":"https:\/\/cua.edu.co\/web3\/wp-json\/wp\/v2\/pages"}],"about":[{"href":"https:\/\/cua.edu.co\/web3\/wp-json\/wp\/v2\/types\/page"}],"author":[{"embeddable":true,"href":"https:\/\/cua.edu.co\/web3\/wp-json\/wp\/v2\/users\/1"}],"replies":[{"embeddable":true,"href":"https:\/\/cua.edu.co\/web3\/wp-json\/wp\/v2\/comments?post=4311"}],"version-history":[{"count":119,"href":"https:\/\/cua.edu.co\/web3\/wp-json\/wp\/v2\/pages\/4311\/revisions"}],"predecessor-version":[{"id":8354,"href":"https:\/\/cua.edu.co\/web3\/wp-json\/wp\/v2\/pages\/4311\/revisions\/8354"}],"wp:attachment":[{"href":"https:\/\/cua.edu.co\/web3\/wp-json\/wp\/v2\/media?parent=4311"}],"curies":[{"name":"wp","href":"https:\/\/api.w.org\/{rel}","templated":true}]}}