{"id":327,"date":"2012-04-22T18:37:21","date_gmt":"2012-04-22T18:37:21","guid":{"rendered":"http:\/\/themes.muffingroup.com\/doover\/?page_id=327"},"modified":"2016-06-10T13:40:20","modified_gmt":"2016-06-10T18:40:20","slug":"cienciasecnomicas","status":"publish","type":"page","link":"https:\/\/cua.edu.co\/web3\/pages\/cienciasecnomicas\/","title":{"rendered":"Ciencias Econ\u00f3micas"},"content":{"rendered":"[vc_row][vc_column]<div id=\"ultimate-heading-26596a07990238118\" class=\"uvc-heading ult-adjust-bottom-margin ultimate-heading-26596a07990238118 uvc-1248 \" data-hspacer=\"no_spacer\"  data-halign=\"center\" style=\"text-align:center\"><div class=\"uvc-heading-spacer no_spacer\" style=\"top\"><\/div><div class=\"uvc-sub-heading ult-responsive\"  data-ultimate-target='.uvc-heading.ultimate-heading-26596a07990238118 .uvc-sub-heading '  data-responsive-json-new='{\"font-size\":\"\",\"line-height\":\"\"}'  style=\"font-weight:normal;\">\n<h1 style=\"text-align: center;\"><strong><span style=\"color: #0579ba;\"><img decoding=\"async\" loading=\"lazy\" class=\"alignnone wp-image-8090\" src=\"data:image\/gif;base64,R0lGODdhAQABAPAAAP\/\/\/wAAACwAAAAAAQABAEACAkQBADs=\" data-lazy-src=\"http:\/\/www.cua.edu.co\/web3\/wp-content\/uploads\/2012\/12\/LIsta-icono_azul.png\" alt=\"LIsta-icono_azul\" width=\"34\" height=\"34\" data-lazy-srcset=\"https:\/\/cua.edu.co\/web3\/wp-content\/uploads\/2012\/12\/LIsta-icono_azul-66x66.png 66w, https:\/\/cua.edu.co\/web3\/wp-content\/uploads\/2012\/12\/LIsta-icono_azul-200x200.png 200w, https:\/\/cua.edu.co\/web3\/wp-content\/uploads\/2012\/12\/LIsta-icono_azul.png 256w\" data-lazy-sizes=\"(max-width: 34px) 100vw, 34px\" \/><noscript><img decoding=\"async\" loading=\"lazy\" class=\"alignnone wp-image-8090\" src=\"http:\/\/www.cua.edu.co\/web3\/wp-content\/uploads\/2012\/12\/LIsta-icono_azul.png\" alt=\"LIsta-icono_azul\" width=\"34\" height=\"34\" srcset=\"https:\/\/cua.edu.co\/web3\/wp-content\/uploads\/2012\/12\/LIsta-icono_azul-66x66.png 66w, https:\/\/cua.edu.co\/web3\/wp-content\/uploads\/2012\/12\/LIsta-icono_azul-200x200.png 200w, https:\/\/cua.edu.co\/web3\/wp-content\/uploads\/2012\/12\/LIsta-icono_azul.png 256w\" sizes=\"(max-width: 34px) 100vw, 34px\" \/><\/noscript>Divisi\u00f3n de Ciencias\u00a0Econ\u00f3micas\u00a0<\/span><\/strong><\/h1>\n<\/div><\/div>[rev_slider_vc alias=\u00bbdiv-ceas\u00bb][vc_empty_space][\/vc_column][\/vc_row][vc_row][vc_column width=\u00bb2\/3&#8243;][vc_empty_space][vc_column_text]\n<h2 style=\"text-align: justify;\"><\/h2>\n<p style=\"text-align: justify;\"><span style=\"font-family: 'Arial','sans-serif'; color: #333333;\">La\u00a0<strong>Corporaci\u00f3n Universal de los Andes<\/strong>, considerando el peso que tiene la formaci\u00f3n y educaci\u00f3n dentro del desarrollo y la competitividad del pa\u00eds, ha querido satisfacer necesidades puntuales de formaci\u00f3n en temas espec\u00edficos de las ciencias administrativas y financieras, ofertando los programas de la Divisi\u00f3n de Ciencias Econ\u00f3micas<\/span><\/p>\n<p style=\"text-align: justify;\"><span style=\"font-family: 'Arial','sans-serif'; color: #333333;\">Para enfrentar los cambios del entorno y lograr la efectividad la\u00a0<strong>CUA<\/strong>\u00a0apunta a desarrollar capacidades que se formar\u00e1n con base en las estructuras, procesos, cultura, recursos y competencias del entorno.<\/span><\/p>\n<p style=\"text-align: justify;\"><span style=\"font-family: 'Arial','sans-serif'; color: #333333;\">Queremos que nuestros egresados se vinculen al sector productivo para que desarrollen sus competencias adquiriendo compromiso con los valores y cultura de la organizaci\u00f3n y participen activamente en los cambios que respondan a la evoluci\u00f3n de las ciencias administrativas.<\/span><\/p>\n<p>&nbsp;<\/p>\n[\/vc_column_text][\/vc_column][vc_column width=\u00bb1\/3&#8243;][vc_empty_space][vc_widget_sidebar sidebar_id=\u00bbcs-2&#8243;][\/vc_column][\/vc_row]\n","protected":false},"excerpt":{"rendered":"<p>[vc_row][vc_column][rev_slider_vc alias=\u00bbdiv-ceas\u00bb][vc_empty_space][\/vc_column][\/vc_row][vc_row][vc_column width=\u00bb2\/3&#8243;][vc_empty_space][vc_column_text] La\u00a0Corporaci\u00f3n Universal de los Andes, considerando el peso que tiene la formaci\u00f3n y educaci\u00f3n dentro del desarrollo y la competitividad del pa\u00eds, ha querido satisfacer necesidades puntuales de formaci\u00f3n en temas espec\u00edficos de las ciencias administrativas y financieras, ofertando los programas de la Divisi\u00f3n de Ciencias Econ\u00f3micas Para enfrentar los cambios del [&hellip;]<\/p>\n","protected":false},"author":1,"featured_media":0,"parent":131,"menu_order":1,"comment_status":"open","ping_status":"closed","template":"","meta":{"_joinchat":[]},"yoast_head":"<!-- This site is optimized with the Yoast SEO plugin v20.3 - https:\/\/yoast.com\/wordpress\/plugins\/seo\/ -->\n<title>Ciencias Econ\u00f3micas - Programas Administrativos y Financieros<\/title>\n<meta name=\"description\" content=\"Las Ciencias Econ\u00f3micas en la formaci\u00f3n y educaci\u00f3n dentro del desarrollo y la competitividad del pa\u00eds, la CUA ha querido satisfacer necesidades puntuales\" \/>\n<meta name=\"robots\" content=\"index, follow, max-snippet:-1, max-image-preview:large, max-video-preview:-1\" \/>\n<link rel=\"canonical\" href=\"https:\/\/cua.edu.co\/web3\/pages\/cienciasecnomicas\/\" \/>\n<meta property=\"og:locale\" content=\"es_ES\" \/>\n<meta property=\"og:type\" content=\"article\" \/>\n<meta property=\"og:title\" content=\"Ciencias Econ\u00f3micas - Programas Administrativos y Financieros\" \/>\n<meta property=\"og:description\" content=\"Las Ciencias Econ\u00f3micas en la formaci\u00f3n y educaci\u00f3n dentro del desarrollo y la competitividad del pa\u00eds, la CUA ha querido satisfacer necesidades puntuales\" \/>\n<meta property=\"og:url\" content=\"https:\/\/cua.edu.co\/web3\/pages\/cienciasecnomicas\/\" \/>\n<meta property=\"og:site_name\" content=\"CUA\" \/>\n<meta property=\"article:modified_time\" content=\"2016-06-10T18:40:20+00:00\" \/>\n<meta property=\"og:image\" content=\"http:\/\/www.cua.edu.co\/web3\/wp-content\/uploads\/2012\/12\/LIsta-icono_azul.png\" \/>\n<meta name=\"twitter:card\" content=\"summary_large_image\" \/>\n<meta name=\"twitter:label1\" content=\"Tiempo de lectura\" \/>\n\t<meta name=\"twitter:data1\" content=\"1 minuto\" \/>\n<script type=\"application\/ld+json\" class=\"yoast-schema-graph\">{\"@context\":\"https:\/\/schema.org\",\"@graph\":[{\"@type\":\"WebPage\",\"@id\":\"https:\/\/cua.edu.co\/web3\/pages\/cienciasecnomicas\/\",\"url\":\"https:\/\/cua.edu.co\/web3\/pages\/cienciasecnomicas\/\",\"name\":\"Ciencias Econ\u00f3micas - Programas Administrativos y Financieros\",\"isPartOf\":{\"@id\":\"https:\/\/cua.edu.co\/web3\/#website\"},\"datePublished\":\"2012-04-22T18:37:21+00:00\",\"dateModified\":\"2016-06-10T18:40:20+00:00\",\"description\":\"Las Ciencias Econ\u00f3micas en la formaci\u00f3n y educaci\u00f3n dentro del desarrollo y la competitividad del pa\u00eds, la CUA ha querido satisfacer necesidades puntuales\",\"breadcrumb\":{\"@id\":\"https:\/\/cua.edu.co\/web3\/pages\/cienciasecnomicas\/#breadcrumb\"},\"inLanguage\":\"es\",\"potentialAction\":[{\"@type\":\"ReadAction\",\"target\":[\"https:\/\/cua.edu.co\/web3\/pages\/cienciasecnomicas\/\"]}]},{\"@type\":\"BreadcrumbList\",\"@id\":\"https:\/\/cua.edu.co\/web3\/pages\/cienciasecnomicas\/#breadcrumb\",\"itemListElement\":[{\"@type\":\"ListItem\",\"position\":1,\"name\":\"Portada\",\"item\":\"https:\/\/cua.edu.co\/web3\/\"},{\"@type\":\"ListItem\",\"position\":2,\"name\":\"Programas\",\"item\":\"https:\/\/cua.edu.co\/web3\/pages\/\"},{\"@type\":\"ListItem\",\"position\":3,\"name\":\"Ciencias Econ\u00f3micas\"}]},{\"@type\":\"WebSite\",\"@id\":\"https:\/\/cua.edu.co\/web3\/#website\",\"url\":\"https:\/\/cua.edu.co\/web3\/\",\"name\":\"CUA\",\"description\":\"\",\"potentialAction\":[{\"@type\":\"SearchAction\",\"target\":{\"@type\":\"EntryPoint\",\"urlTemplate\":\"https:\/\/cua.edu.co\/web3\/?s={search_term_string}\"},\"query-input\":\"required name=search_term_string\"}],\"inLanguage\":\"es\"}]}<\/script>\n<!-- \/ Yoast SEO plugin. -->","yoast_head_json":{"title":"Ciencias Econ\u00f3micas - Programas Administrativos y Financieros","description":"Las Ciencias Econ\u00f3micas en la formaci\u00f3n y educaci\u00f3n dentro del desarrollo y la competitividad del pa\u00eds, la CUA ha querido satisfacer necesidades puntuales","robots":{"index":"index","follow":"follow","max-snippet":"max-snippet:-1","max-image-preview":"max-image-preview:large","max-video-preview":"max-video-preview:-1"},"canonical":"https:\/\/cua.edu.co\/web3\/pages\/cienciasecnomicas\/","og_locale":"es_ES","og_type":"article","og_title":"Ciencias Econ\u00f3micas - Programas Administrativos y Financieros","og_description":"Las Ciencias Econ\u00f3micas en la formaci\u00f3n y educaci\u00f3n dentro del desarrollo y la competitividad del pa\u00eds, la CUA ha querido satisfacer necesidades puntuales","og_url":"https:\/\/cua.edu.co\/web3\/pages\/cienciasecnomicas\/","og_site_name":"CUA","article_modified_time":"2016-06-10T18:40:20+00:00","og_image":[{"url":"http:\/\/www.cua.edu.co\/web3\/wp-content\/uploads\/2012\/12\/LIsta-icono_azul.png"}],"twitter_card":"summary_large_image","twitter_misc":{"Tiempo de lectura":"1 minuto"},"schema":{"@context":"https:\/\/schema.org","@graph":[{"@type":"WebPage","@id":"https:\/\/cua.edu.co\/web3\/pages\/cienciasecnomicas\/","url":"https:\/\/cua.edu.co\/web3\/pages\/cienciasecnomicas\/","name":"Ciencias Econ\u00f3micas - Programas Administrativos y Financieros","isPartOf":{"@id":"https:\/\/cua.edu.co\/web3\/#website"},"datePublished":"2012-04-22T18:37:21+00:00","dateModified":"2016-06-10T18:40:20+00:00","description":"Las Ciencias Econ\u00f3micas en la formaci\u00f3n y educaci\u00f3n dentro del desarrollo y la competitividad del pa\u00eds, la CUA ha querido satisfacer necesidades puntuales","breadcrumb":{"@id":"https:\/\/cua.edu.co\/web3\/pages\/cienciasecnomicas\/#breadcrumb"},"inLanguage":"es","potentialAction":[{"@type":"ReadAction","target":["https:\/\/cua.edu.co\/web3\/pages\/cienciasecnomicas\/"]}]},{"@type":"BreadcrumbList","@id":"https:\/\/cua.edu.co\/web3\/pages\/cienciasecnomicas\/#breadcrumb","itemListElement":[{"@type":"ListItem","position":1,"name":"Portada","item":"https:\/\/cua.edu.co\/web3\/"},{"@type":"ListItem","position":2,"name":"Programas","item":"https:\/\/cua.edu.co\/web3\/pages\/"},{"@type":"ListItem","position":3,"name":"Ciencias Econ\u00f3micas"}]},{"@type":"WebSite","@id":"https:\/\/cua.edu.co\/web3\/#website","url":"https:\/\/cua.edu.co\/web3\/","name":"CUA","description":"","potentialAction":[{"@type":"SearchAction","target":{"@type":"EntryPoint","urlTemplate":"https:\/\/cua.edu.co\/web3\/?s={search_term_string}"},"query-input":"required name=search_term_string"}],"inLanguage":"es"}]}},"_links":{"self":[{"href":"https:\/\/cua.edu.co\/web3\/wp-json\/wp\/v2\/pages\/327"}],"collection":[{"href":"https:\/\/cua.edu.co\/web3\/wp-json\/wp\/v2\/pages"}],"about":[{"href":"https:\/\/cua.edu.co\/web3\/wp-json\/wp\/v2\/types\/page"}],"author":[{"embeddable":true,"href":"https:\/\/cua.edu.co\/web3\/wp-json\/wp\/v2\/users\/1"}],"replies":[{"embeddable":true,"href":"https:\/\/cua.edu.co\/web3\/wp-json\/wp\/v2\/comments?post=327"}],"version-history":[{"count":62,"href":"https:\/\/cua.edu.co\/web3\/wp-json\/wp\/v2\/pages\/327\/revisions"}],"predecessor-version":[{"id":8195,"href":"https:\/\/cua.edu.co\/web3\/wp-json\/wp\/v2\/pages\/327\/revisions\/8195"}],"up":[{"embeddable":true,"href":"https:\/\/cua.edu.co\/web3\/wp-json\/wp\/v2\/pages\/131"}],"wp:attachment":[{"href":"https:\/\/cua.edu.co\/web3\/wp-json\/wp\/v2\/media?parent=327"}],"curies":[{"name":"wp","href":"https:\/\/api.w.org\/{rel}","templated":true}]}}